{"id":238828,"date":"2022-04-01T11:14:30","date_gmt":"2022-04-01T11:14:30","guid":{"rendered":"https:\/\/dansskoli.is\/kara\/?post_type=product&#038;p=238828"},"modified":"2024-07-09T21:25:39","modified_gmt":"2024-07-09T21:25:39","slug":"supadance-style-1178-latinskor-domu","status":"publish","type":"product","link":"https:\/\/dansskoli.is\/kara\/product\/supadance-style-1178-latinskor-domu\/","title":{"rendered":"Supadance Style 1178 lat\u00ednsk\u00f3r, d\u00f6mu"},"content":{"rendered":"<p>[et_pb_section fb_built=&#8220;1&#8243; _builder_version=&#8220;3.22&#8243; custom_padding=&#8220;0px||||false|false&#8220; global_colors_info=&#8220;{}&#8220;][et_pb_row _builder_version=&#8220;3.25&#8243; background_size=&#8220;initial&#8220; background_position=&#8220;top_left&#8220; background_repeat=&#8220;repeat&#8220; width=&#8220;100%&#8220; custom_padding=&#8220;0px||0px||false|false&#8220; global_colors_info=&#8220;{}&#8220;][et_pb_column type=&#8220;4_4&#8243; _builder_version=&#8220;3.25&#8243; custom_padding=&#8220;|||&#8220; global_colors_info=&#8220;{}&#8220; custom_padding__hover=&#8220;|||&#8220;][et_pb_wc_breadcrumb _builder_version=&#8220;3.0.47&#8243; global_colors_info=&#8220;{}&#8220;][\/et_pb_wc_breadcrumb][et_pb_wc_cart_notice global_colors_info=&#8220;{}&#8220;][\/et_pb_wc_cart_notice][\/et_pb_column][\/et_pb_row][et_pb_row column_structure=&#8220;1_2,1_2&#8243; _builder_version=&#8220;3.25&#8243; background_size=&#8220;initial&#8220; background_position=&#8220;top_left&#8220; background_repeat=&#8220;repeat&#8220; width=&#8220;100%&#8220; custom_padding=&#8220;0px||||false|false&#8220; global_colors_info=&#8220;{}&#8220;][et_pb_column type=&#8220;1_2&#8243; _builder_version=&#8220;3.25&#8243; custom_padding=&#8220;|||&#8220; global_colors_info=&#8220;{}&#8220; custom_padding__hover=&#8220;|||&#8220;][et_pb_wc_images _builder_version=&#8220;3.0.47&#8243; global_colors_info=&#8220;{}&#8220;][\/et_pb_wc_images][\/et_pb_column][et_pb_column type=&#8220;1_2&#8243; _builder_version=&#8220;3.25&#8243; custom_padding=&#8220;|||&#8220; global_colors_info=&#8220;{}&#8220; custom_padding__hover=&#8220;|||&#8220;][et_pb_wc_title _builder_version=&#8220;3.0.47&#8243; global_colors_info=&#8220;{}&#8220;][\/et_pb_wc_title][et_pb_wc_rating _builder_version=&#8220;3.0.47&#8243; global_colors_info=&#8220;{}&#8220;][\/et_pb_wc_rating][et_pb_wc_price _builder_version=&#8220;3.0.47&#8243; global_colors_info=&#8220;{}&#8220;][\/et_pb_wc_price][et_pb_wc_description _builder_version=&#8220;3.0.47&#8243; global_colors_info=&#8220;{}&#8220;][\/et_pb_wc_description][et_pb_wc_add_to_cart global_colors_info=&#8220;{}&#8220;][\/et_pb_wc_add_to_cart][et_pb_wc_meta _builder_version=&#8220;3.0.47&#8243; global_colors_info=&#8220;{}&#8220;][\/et_pb_wc_meta][\/et_pb_column][\/et_pb_row][et_pb_row _builder_version=&#8220;3.25&#8243; background_size=&#8220;initial&#8220; background_position=&#8220;top_left&#8220; background_repeat=&#8220;repeat&#8220; width=&#8220;100%&#8220; global_colors_info=&#8220;{}&#8220;][et_pb_column type=&#8220;4_4&#8243; _builder_version=&#8220;3.25&#8243; custom_padding=&#8220;|||&#8220; global_colors_info=&#8220;{}&#8220; custom_padding__hover=&#8220;|||&#8220;][et_pb_wc_tabs _builder_version=&#8220;3.0.47&#8243; global_colors_info=&#8220;{}&#8220;]\t\t\t\t\t[\/et_pb_wc_tabs][et_pb_wc_upsells _builder_version=&#8220;3.0.47&#8243; global_colors_info=&#8220;{}&#8220;][\/et_pb_wc_upsells][et_pb_wc_related_products _builder_version=&#8220;3.0.47&#8243; global_colors_info=&#8220;{}&#8220;][\/et_pb_wc_related_products][\/et_pb_column][\/et_pb_row][\/et_pb_section]<\/p>\n","protected":false},"excerpt":{"rendered":"<p>Supandance 1178 danssk\u00f3r fyrir keppnir.<\/p>\n","protected":false},"featured_media":238829,"comment_status":"open","ping_status":"closed","template":"","meta":{"_et_pb_use_builder":"on","_et_pb_old_content":"Fr\u00e1b\u00e6rir sk\u00f3r fyrir keppnir me\u00f0 d\u00f6muh\u00e6l. Virkilega vanda\u00f0ir sk\u00f3r me\u00f0 s\u00e9rst\u00f6kum stu\u00f0ningi \u00ed boganum sem dreifir \u00feyngdinni betur og sty\u00f0ur vi\u00f0. Gyllt \u00f6kklaksraut.\r\n\r\n\u00feessir eru ger\u00f0ir \u00far h\u00e1g\u00e6\u00f0a mj\u00faku le\u00f0ri og me\u00f0 \u00feykkari dempun \u00ed innlegginu. Hluti af Stiletto Heel Last l\u00ednunni.\r\n\r\nR\u00faskinn \u00e1 botninum.\r\n<h3><strong>ST\u00c6R\u00d0ARTAFLA<\/strong><\/h3>\r\n<a href=\"https:\/\/dansskoli.is\/kara\/wp-content\/uploads\/2022\/04\/Lady-sizes.png\"><img class=\"alignnone wp-image-238819 size-full\" src=\"https:\/\/dansskoli.is\/kara\/wp-content\/uploads\/2022\/04\/Lady-sizes.png\" alt=\"\" width=\"742\" height=\"139\" \/><\/a>","_et_gb_content_width":""},"product_cat":[50,48,45],"product_tag":[],"aioseo_notices":[],"jetpack_sharing_enabled":true,"_links":{"self":[{"href":"https:\/\/dansskoli.is\/kara\/wp-json\/wp\/v2\/product\/238828"}],"collection":[{"href":"https:\/\/dansskoli.is\/kara\/wp-json\/wp\/v2\/product"}],"about":[{"href":"https:\/\/dansskoli.is\/kara\/wp-json\/wp\/v2\/types\/product"}],"replies":[{"embeddable":true,"href":"https:\/\/dansskoli.is\/kara\/wp-json\/wp\/v2\/comments?post=238828"}],"wp:featuredmedia":[{"embeddable":true,"href":"https:\/\/dansskoli.is\/kara\/wp-json\/wp\/v2\/media\/238829"}],"wp:attachment":[{"href":"https:\/\/dansskoli.is\/kara\/wp-json\/wp\/v2\/media?parent=238828"}],"wp:term":[{"taxonomy":"product_cat","embeddable":true,"href":"https:\/\/dansskoli.is\/kara\/wp-json\/wp\/v2\/product_cat?post=238828"},{"taxonomy":"product_tag","embeddable":true,"href":"https:\/\/dansskoli.is\/kara\/wp-json\/wp\/v2\/product_tag?post=238828"}],"curies":[{"name":"wp","href":"https:\/\/api.w.org\/{rel}","templated":true}]}}