{"id":238792,"date":"2022-03-01T18:50:08","date_gmt":"2022-03-01T18:50:08","guid":{"rendered":"https:\/\/dansskoli.is\/kara\/?post_type=product&#038;p=238792"},"modified":"2024-09-15T09:37:12","modified_gmt":"2024-09-15T09:37:12","slug":"supadance-style-8825-aefinga-og-kennsluskor-svartir","status":"publish","type":"product","link":"https:\/\/dansskoli.is\/kara\/product\/supadance-style-8825-aefinga-og-kennsluskor-svartir\/","title":{"rendered":"Supadance Style 8825 \u00e6finga og kennslusk\u00f3r, svartir"},"content":{"rendered":"<p>Fr\u00e1b\u00e6rir sk\u00f3r fyrir \u00e6fingarnar me\u00f0 mi\u00f0lungsh\u00e6l. Fr\u00e1b\u00e6r \u00f6ndun og mj\u00fakt innlegg.<\/p>\n<p>\u00feessir eru ger\u00f0ir \u00far h\u00e1g\u00e6\u00f0a mj\u00faku r\u00faskinni og me\u00f0 l\u00e9ttri dempun \u00ed innlegginu sem gefur margra klukkut\u00edma \u00fe\u00e6gilega notkun. Einstaklega g\u00f3\u00f0 \u00f6ndun.<\/p>\n<p>3.8cm h\u00e6ll og r\u00faskinn \u00e1 botninum.<\/p>\n","protected":false},"excerpt":{"rendered":"<p>Supandance 8825 danssk\u00f3r fyrir kennslu e\u00f0a \u00e6fingar. Hentar b\u00e6\u00f0i fyrir d\u00f6mur og herra.<\/p>\n","protected":false},"featured_media":238797,"comment_status":"open","ping_status":"closed","template":"","meta":{"_et_pb_use_builder":"","_et_pb_old_content":"","_et_gb_content_width":""},"product_cat":[41,50,42,43],"product_tag":[],"aioseo_notices":[],"jetpack_sharing_enabled":true,"_links":{"self":[{"href":"https:\/\/dansskoli.is\/kara\/wp-json\/wp\/v2\/product\/238792"}],"collection":[{"href":"https:\/\/dansskoli.is\/kara\/wp-json\/wp\/v2\/product"}],"about":[{"href":"https:\/\/dansskoli.is\/kara\/wp-json\/wp\/v2\/types\/product"}],"replies":[{"embeddable":true,"href":"https:\/\/dansskoli.is\/kara\/wp-json\/wp\/v2\/comments?post=238792"}],"wp:featuredmedia":[{"embeddable":true,"href":"https:\/\/dansskoli.is\/kara\/wp-json\/wp\/v2\/media\/238797"}],"wp:attachment":[{"href":"https:\/\/dansskoli.is\/kara\/wp-json\/wp\/v2\/media?parent=238792"}],"wp:term":[{"taxonomy":"product_cat","embeddable":true,"href":"https:\/\/dansskoli.is\/kara\/wp-json\/wp\/v2\/product_cat?post=238792"},{"taxonomy":"product_tag","embeddable":true,"href":"https:\/\/dansskoli.is\/kara\/wp-json\/wp\/v2\/product_tag?post=238792"}],"curies":[{"name":"wp","href":"https:\/\/api.w.org\/{rel}","templated":true}]}}