{"id":238791,"date":"2022-03-01T18:50:02","date_gmt":"2022-03-01T18:50:02","guid":{"rendered":"https:\/\/dansskoli.is\/kara\/?post_type=product&#038;p=238791"},"modified":"2022-12-06T14:18:25","modified_gmt":"2022-12-06T14:18:25","slug":"supadance-style-1025-aefinga-og-kennsluskor-domu-svartir","status":"publish","type":"product","link":"https:\/\/dansskoli.is\/kara\/product\/supadance-style-1025-aefinga-og-kennsluskor-domu-svartir\/","title":{"rendered":"Supadance Style 1025 \u00e6finga og kennslusk\u00f3r, d\u00f6mu svartir"},"content":{"rendered":"<p>Fr\u00e1b\u00e6rir sk\u00f3r fyrir \u00e6fingarnar me\u00f0 mi\u00f0lungsh\u00e6l. Fr\u00e1b\u00e6r \u00f6ndun og mj\u00fakt innlegg.<\/p>\n<p>\u00feessir eru ger\u00f0ir \u00far h\u00e1g\u00e6\u00f0a mj\u00faku le\u00f0ri og me\u00f0 l\u00e9ttri dempun \u00ed innlegginu sem gefur margra klukkut\u00edma \u00fe\u00e6gilega notkun. Hef\u00f0bundi\u00f0 sni\u00f0 me\u00f0 r\u00fan\u00fa\u00f0um t\u00e1m.<\/p>\n<p>5cm h\u00e6ll og r\u00faskinn \u00e1 botninum.<\/p>\n","protected":false},"excerpt":{"rendered":"<p>Supandance 1025 d\u00f6mudanssk\u00f3r fyrir kennslu e\u00f0a \u00e6fingar. H\u00e6rri h\u00e6ll.<\/p>\n","protected":false},"featured_media":238798,"comment_status":"open","ping_status":"closed","template":"","meta":{"_et_pb_use_builder":"","_et_pb_old_content":"","_et_gb_content_width":""},"product_cat":[41,50,42],"product_tag":[],"aioseo_notices":[],"jetpack_sharing_enabled":true,"_links":{"self":[{"href":"https:\/\/dansskoli.is\/kara\/wp-json\/wp\/v2\/product\/238791"}],"collection":[{"href":"https:\/\/dansskoli.is\/kara\/wp-json\/wp\/v2\/product"}],"about":[{"href":"https:\/\/dansskoli.is\/kara\/wp-json\/wp\/v2\/types\/product"}],"replies":[{"embeddable":true,"href":"https:\/\/dansskoli.is\/kara\/wp-json\/wp\/v2\/comments?post=238791"}],"wp:featuredmedia":[{"embeddable":true,"href":"https:\/\/dansskoli.is\/kara\/wp-json\/wp\/v2\/media\/238798"}],"wp:attachment":[{"href":"https:\/\/dansskoli.is\/kara\/wp-json\/wp\/v2\/media?parent=238791"}],"wp:term":[{"taxonomy":"product_cat","embeddable":true,"href":"https:\/\/dansskoli.is\/kara\/wp-json\/wp\/v2\/product_cat?post=238791"},{"taxonomy":"product_tag","embeddable":true,"href":"https:\/\/dansskoli.is\/kara\/wp-json\/wp\/v2\/product_tag?post=238791"}],"curies":[{"name":"wp","href":"https:\/\/api.w.org\/{rel}","templated":true}]}}