{"id":24,"date":"2010-09-28T18:31:41","date_gmt":"2010-09-28T18:31:41","guid":{"rendered":"https:\/\/dansskoli.is\/kara\/"},"modified":"2019-08-19T12:49:49","modified_gmt":"2019-08-19T12:49:49","slug":"brudarvalsinn","status":"publish","type":"page","link":"https:\/\/dansskoli.is\/kara\/dansnamskeid\/brudarvalsinn\/","title":{"rendered":"Br\u00fa\u00f0arvalsinn"},"content":{"rendered":"<p>Vi\u00f0 bj\u00f3\u00f0um upp \u00e1 einkat\u00edma \u00ed br\u00fa\u00f0arvalsinum.<br \/>\n\u00dear er oftast kenndur enskur vals en oft koma br\u00fa\u00f0hj\u00f3nin me\u00f0 s\u00edna eigin t\u00f3nlist sem \u00feau vilja nota \u00ed br\u00fa\u00f0kaupinu og \u00feau eiga s\u00ednar s\u00e9rst\u00f6ku minningar um og vi\u00f0 hj\u00e1lpum vi\u00f0 a\u00f0 l\u00e6ra a\u00f0 dansa vi\u00f0 \u00fea\u00f0 lag.<\/p>\n","protected":false},"excerpt":{"rendered":"<p>Vi\u00f0 bj\u00f3\u00f0um upp \u00e1 einkat\u00edma \u00ed br\u00fa\u00f0arvalsinum. \u00dear er oftast kenndur enskur vals en oft koma br\u00fa\u00f0hj\u00f3nin me\u00f0 s\u00edna eigin t\u00f3nlist sem \u00feau vilja nota \u00ed br\u00fa\u00f0kaupinu og \u00feau eiga s\u00ednar s\u00e9rst\u00f6ku minningar um og vi\u00f0 hj\u00e1lpum vi\u00f0 a\u00f0 l\u00e6ra a\u00f0 dansa vi\u00f0 \u00fea\u00f0 lag.<\/p>\n","protected":false},"author":1,"featured_media":0,"parent":18,"menu_order":0,"comment_status":"open","ping_status":"closed","template":"","meta":{"_et_pb_use_builder":"","_et_pb_old_content":"","_et_gb_content_width":"","footnotes":""},"aioseo_notices":[],"jetpack_sharing_enabled":true,"_links":{"self":[{"href":"https:\/\/dansskoli.is\/kara\/wp-json\/wp\/v2\/pages\/24"}],"collection":[{"href":"https:\/\/dansskoli.is\/kara\/wp-json\/wp\/v2\/pages"}],"about":[{"href":"https:\/\/dansskoli.is\/kara\/wp-json\/wp\/v2\/types\/page"}],"author":[{"embeddable":true,"href":"https:\/\/dansskoli.is\/kara\/wp-json\/wp\/v2\/users\/1"}],"replies":[{"embeddable":true,"href":"https:\/\/dansskoli.is\/kara\/wp-json\/wp\/v2\/comments?post=24"}],"version-history":[{"count":9,"href":"https:\/\/dansskoli.is\/kara\/wp-json\/wp\/v2\/pages\/24\/revisions"}],"predecessor-version":[{"id":541,"href":"https:\/\/dansskoli.is\/kara\/wp-json\/wp\/v2\/pages\/24\/revisions\/541"}],"up":[{"embeddable":true,"href":"https:\/\/dansskoli.is\/kara\/wp-json\/wp\/v2\/pages\/18"}],"wp:attachment":[{"href":"https:\/\/dansskoli.is\/kara\/wp-json\/wp\/v2\/media?parent=24"}],"curies":[{"name":"wp","href":"https:\/\/api.w.org\/{rel}","templated":true}]}}