{"id":231,"date":"2010-09-29T19:07:29","date_gmt":"2010-09-29T19:07:29","guid":{"rendered":"https:\/\/dansskoli.is\/kara\/"},"modified":"2019-08-19T15:35:50","modified_gmt":"2019-08-19T15:35:50","slug":"stadsetning","status":"publish","type":"page","link":"https:\/\/dansskoli.is\/kara\/dansskolinn\/stadsetning\/","title":{"rendered":"Sta\u00f0setning"},"content":{"rendered":"<p>Danssk\u00f3li K\u00f6ru er a\u00f0 S\u00ed\u00f0um\u00fala 30.<\/p>\n<p>Sama h\u00fas og Vogue.<\/p>\n<p>Gengi\u00f0 inn a\u00f0 framanver\u00f0u lengst til h\u00e6gri.<\/p>\n","protected":false},"excerpt":{"rendered":"<p>Danssk\u00f3li K\u00f6ru er a\u00f0 S\u00ed\u00f0um\u00fala 30. Sama h\u00fas og Vogue. Gengi\u00f0 inn a\u00f0 framanver\u00f0u lengst til h\u00e6gri.<\/p>\n","protected":false},"author":1,"featured_media":0,"parent":16,"menu_order":0,"comment_status":"open","ping_status":"open","template":"","meta":{"_et_pb_use_builder":"","_et_pb_old_content":"","_et_gb_content_width":"","footnotes":""},"aioseo_notices":[],"jetpack_sharing_enabled":true,"_links":{"self":[{"href":"https:\/\/dansskoli.is\/kara\/wp-json\/wp\/v2\/pages\/231"}],"collection":[{"href":"https:\/\/dansskoli.is\/kara\/wp-json\/wp\/v2\/pages"}],"about":[{"href":"https:\/\/dansskoli.is\/kara\/wp-json\/wp\/v2\/types\/page"}],"author":[{"embeddable":true,"href":"https:\/\/dansskoli.is\/kara\/wp-json\/wp\/v2\/users\/1"}],"replies":[{"embeddable":true,"href":"https:\/\/dansskoli.is\/kara\/wp-json\/wp\/v2\/comments?post=231"}],"version-history":[{"count":9,"href":"https:\/\/dansskoli.is\/kara\/wp-json\/wp\/v2\/pages\/231\/revisions"}],"predecessor-version":[{"id":575,"href":"https:\/\/dansskoli.is\/kara\/wp-json\/wp\/v2\/pages\/231\/revisions\/575"}],"up":[{"embeddable":true,"href":"https:\/\/dansskoli.is\/kara\/wp-json\/wp\/v2\/pages\/16"}],"wp:attachment":[{"href":"https:\/\/dansskoli.is\/kara\/wp-json\/wp\/v2\/media?parent=231"}],"curies":[{"name":"wp","href":"https:\/\/api.w.org\/{rel}","templated":true}]}}