{"id":2,"date":"2010-09-28T16:12:08","date_gmt":"2010-09-28T16:12:08","guid":{"rendered":"https:\/\/dansskoli.is\/kara\/?page_id=2"},"modified":"2022-01-09T13:16:32","modified_gmt":"2022-01-09T13:16:32","slug":"dansbudin","status":"publish","type":"page","link":"https:\/\/dansskoli.is\/kara\/dansbudin\/","title":{"rendered":"Dansb\u00fa\u00f0in"},"content":{"rendered":"<div id=\"_mcePaste\">\n<div id=\"_mcePaste\">\n<p>Danssk\u00f3linn er umbo\u00f0sa\u00f0ili a\u00f0 sk\u00f3m fr\u00e1 enska merkinu SUPADANCE.\u00a0 Erum me\u00f0 \u00e1 lager nokkrar tegundir \u00a0samkv\u00e6misdans s.s. standarddansa, su\u00f0ur-amer\u00edska dansa, argent\u00edskan \u00a0Tang\u00f3, Salsa og Swing.<\/p>\n<p>Notkun \u00e1 danssk\u00f3m eykur \u00a0\u00e1rangur \u00ed dansinum vegna \u00feess a\u00f0 \u00feeir eu m\u00fdkri og l\u00e9ttari en a\u00f0rir sk\u00f3r \u00a0og botninn er \u00far r\u00fasskinni. Danssk\u00f3r eru \u00fev\u00ed jafnt fyrir byrjendur sem \u00a0og lengri komna \u00ed dansinum.<\/p>\n<p><a href=\"https:\/\/dansskoli.is\/kara\/wp-content\/uploads\/2022\/01\/Supadance-banner-web.gif\"><img loading=\"lazy\" decoding=\"async\" class=\"alignnone wp-image-730 size-full\" src=\"https:\/\/dansskoli.is\/kara\/wp-content\/uploads\/2022\/01\/Supadance-banner-web.gif\" alt=\"\" width=\"600\" height=\"107\" \/><\/a><\/p>\n<\/div>\n<\/div>\n","protected":false},"excerpt":{"rendered":"<p>Danssk\u00f3linn er umbo\u00f0sa\u00f0ili a\u00f0 sk\u00f3m fr\u00e1 enska merkinu SUPADANCE.\u00a0 Erum me\u00f0 \u00e1 lager nokkrar tegundir \u00a0samkv\u00e6misdans s.s. standarddansa, su\u00f0ur-amer\u00edska dansa, argent\u00edskan \u00a0Tang\u00f3, Salsa og Swing. Notkun \u00e1 danssk\u00f3m eykur \u00a0\u00e1rangur \u00ed dansinum vegna \u00feess a\u00f0 \u00feeir eu m\u00fdkri og l\u00e9ttari en a\u00f0rir sk\u00f3r \u00a0og botninn er \u00far r\u00fasskinni. Danssk\u00f3r eru \u00fev\u00ed jafnt fyrir byrjendur sem [&hellip;]<\/p>\n","protected":false},"author":1,"featured_media":0,"parent":0,"menu_order":0,"comment_status":"open","ping_status":"open","template":"store-page.php","meta":{"_et_pb_use_builder":"","_et_pb_old_content":"","_et_gb_content_width":"","footnotes":""},"aioseo_notices":[],"jetpack_sharing_enabled":true,"_links":{"self":[{"href":"https:\/\/dansskoli.is\/kara\/wp-json\/wp\/v2\/pages\/2"}],"collection":[{"href":"https:\/\/dansskoli.is\/kara\/wp-json\/wp\/v2\/pages"}],"about":[{"href":"https:\/\/dansskoli.is\/kara\/wp-json\/wp\/v2\/types\/page"}],"author":[{"embeddable":true,"href":"https:\/\/dansskoli.is\/kara\/wp-json\/wp\/v2\/users\/1"}],"replies":[{"embeddable":true,"href":"https:\/\/dansskoli.is\/kara\/wp-json\/wp\/v2\/comments?post=2"}],"version-history":[{"count":15,"href":"https:\/\/dansskoli.is\/kara\/wp-json\/wp\/v2\/pages\/2\/revisions"}],"predecessor-version":[{"id":731,"href":"https:\/\/dansskoli.is\/kara\/wp-json\/wp\/v2\/pages\/2\/revisions\/731"}],"wp:attachment":[{"href":"https:\/\/dansskoli.is\/kara\/wp-json\/wp\/v2\/media?parent=2"}],"curies":[{"name":"wp","href":"https:\/\/api.w.org\/{rel}","templated":true}]}}