{"id":16,"date":"2010-09-28T16:53:02","date_gmt":"2010-09-28T16:53:02","guid":{"rendered":"https:\/\/dansskoli.is\/kara\/"},"modified":"2026-01-03T00:46:00","modified_gmt":"2026-01-03T00:46:00","slug":"dansskolinn","status":"publish","type":"page","link":"https:\/\/dansskoli.is\/kara\/dansskolinn\/","title":{"rendered":"Danssk\u00f3linn &#8211; Danssk\u00f3li K\u00f6ru"},"content":{"rendered":"<p>[et_pb_section fb_built=&#8220;1&#8243; admin_label=&#8220;About Us Section&#8220; _builder_version=&#8220;4.16&#8243; custom_padding=&#8220;16px|0px|4px|0px||&#8220; global_colors_info=&#8220;{}&#8220;][et_pb_row column_structure=&#8220;1_2,1_2&#8243; admin_label=&#8220;Row&#8220; module_id=&#8220;sagan&#8220; _builder_version=&#8220;4.16&#8243; custom_padding=&#8220;|||&#8220; global_colors_info=&#8220;{}&#8220;][et_pb_column type=&#8220;1_2&#8243; _builder_version=&#8220;4.16&#8243; custom_padding=&#8220;|||&#8220; global_colors_info=&#8220;{}&#8220; custom_padding__hover=&#8220;|||&#8220;][et_pb_text _builder_version=&#8220;4.16&#8243; text_font=&#8220;||||||||&#8220; header_font=&#8220;||||||||&#8220; header_2_font=&#8220;Poppins|500||on|||||&#8220; header_2_text_color=&#8220;rgba(0,0,0,0.2)&#8220; header_2_font_size=&#8220;16px&#8220; header_2_letter_spacing=&#8220;1px&#8220; header_2_line_height=&#8220;1.3em&#8220; custom_margin=&#8220;||20px|&#8220; saved_tabs=&#8220;all&#8220; locked=&#8220;off&#8220; global_colors_info=&#8220;{}&#8220;]<\/p>\n<h2>SAGAN<\/h2>\n<p>[\/et_pb_text][et_pb_text _builder_version=&#8220;4.16&#8243; text_font=&#8220;||||||||&#8220; header_font=&#8220;||||||||&#8220; header_font_size=&#8220;6px&#8220; header_3_font=&#8220;Poppins|600|||||||&#8220; header_3_text_color=&#8220;#44d89e&#8220; header_3_font_size=&#8220;33px&#8220; header_3_line_height=&#8220;1.4em&#8220; custom_margin=&#8220;||2px|||&#8220; global_colors_info=&#8220;{}&#8220;]<\/p>\n<h3>Danssk\u00f3li K\u00f6ru &#8211; \u00feekking sem spannar yfir 30 \u00e1ra feril<\/h3>\n<p>[\/et_pb_text][et_pb_text _builder_version=&#8220;4.16&#8243; text_font=&#8220;Open Sans||||||||&#8220; text_text_color=&#8220;#486066&#8243; text_line_height=&#8220;1.6em&#8220; header_font=&#8220;||||||||&#8220; custom_padding=&#8220;||0px|||&#8220; global_colors_info=&#8220;{}&#8220;]<\/p>\n<p>Kara h\u00f3f dansn\u00e1m 4 \u00e1ra hj\u00e1 Danssk\u00f3la Hemanns Ragnars. Var svo einn vetur hj\u00e1 Danssk\u00f3la Hei\u00f0ars \u00c1stvaldssonar. H\u00fan stunda\u00f0i Jassballett \u00ed dansst\u00fad\u00ed\u00f3i S\u00f3leyjar \u00e1rin 1979-1985.<\/p>\n<p>H\u00fan f\u00f3r til Danmerkur hausti\u00f0 1983 \u00ed eitt \u00e1r og stunda\u00f0i n\u00e1m \u00ed Dansinstetut Thage. \u00dear l\u00e6r\u00f0i h\u00fan samkv\u00e6misdansa , ballett, jassballett og stepp.<br \/>Kara h\u00f3f n\u00e1m hj\u00e1 Danssk\u00f3la Sigur\u00f0ar H\u00e1konarsonar hausti\u00f0 1980 og var a\u00f0sto\u00f0arkennari hj\u00e1 honum \u00fear til a\u00f0 h\u00fan h\u00f3f danskennaran\u00e1m hj\u00e1 honum sem h\u00fan lauk 26. ma\u00ed 1989 fr\u00e1 F\u00cdD.<\/p>\n<p>S\u00ed\u00f0an h\u00f3f h\u00fan a\u00f0 stunda keppnisdans \u00e1ri\u00f0 1985 og keppti \u00e1samt J\u00f3ni P\u00e9tri \u00dalflj\u00f3tssyni \u00e1 \u00f6llum \u00cdslandsmeistaram\u00f3tum \u00ed flokki atvinnumanna \u00fear til a\u00f0 \u00feau luku keppni \u00ed ma\u00ed 1997. \u00deau ur\u00f0u 26 sinnum \u00cdslandsmeistarar \u00e1 ferlinum.<br \/>\u00deau voru svo fulltr\u00faar \u00cdslands \u00e1 Evr\u00f3pu og heimsmeistaram\u00f3um fr\u00e1 \u00e1rinu 1988. H\u00fan stofna\u00f0i svo Danssk\u00f3la J\u00f3ns P\u00e9turs og K\u00f6ru hausti\u00f0 1989 og hefur \u00fej\u00e1lfa\u00f0 marga af bestu keppnisd\u00f6nsurum fr\u00e1 upphafi.<\/p>\n<p>Kara t\u00f3k Membership pr\u00f3f \u00ed Standardd\u00f6nsum og S.-amer\u00edskum d\u00f6nsum hj\u00e1 IDTA (International Dance Teachers\u00b4 Assotiation \u00ed ma\u00ed 1999. F\u00e9kk \u00fe\u00e1 al\u00fej\u00f3\u00f0leg d\u00f3marar\u00e9ttindi. H\u00fan er me\u00f0limur \u00ed Danskennarasambandi \u00cdslands og var forseti f\u00e9lagsins til margra \u00e1ra.<\/p>\n<p>Danssk\u00f3li\u00a0 K\u00f6ru var stofna\u00f0ur hausti\u00f0 2019 af K\u00f6ru Anrgr\u00edmsd\u00f3ttur.\u00a0 \u00c1\u00f0ur haf\u00f0i h\u00fan reki\u00f0 Danssk\u00f3la J\u00f3ns P\u00e9turs og K\u00f6ru \u00ed f\u00e9lagi vi\u00f0 J\u00f3n P\u00e9tur \u00dalflj\u00f3tsson \u00ed 30 \u00e1r.<\/p>\n<p>Kennt er \u00ed tveimur s\u00f6lum og er \u00fev\u00ed a\u00f0sta\u00f0an til dansi\u00f0kunar alveg fr\u00e1b\u00e6r. Nemendur sk\u00f3lans eru \u00e1 \u00f6llum aldri og felst starfsemin a\u00f0allega \u00ed \u00fev\u00ed a\u00f0 kenna f\u00f3lki almennan dans s.s samkv\u00e6misdansa, barnadansa og Salsa.<\/p>\n<p>[\/et_pb_text][\/et_pb_column][et_pb_column type=&#8220;1_2&#8243; _builder_version=&#8220;4.16&#8243; custom_padding=&#8220;|||&#8220; global_colors_info=&#8220;{}&#8220; custom_padding__hover=&#8220;|||&#8220;][et_pb_image src=&#8220;https:\/\/dansskoli.is\/kara\/wp-content\/uploads\/2022\/02\/Kara-teaching.jpg&#8220; title_text=&#8220;Kara-teaching&#8220; _builder_version=&#8220;4.16&#8243; _module_preset=&#8220;default&#8220; custom_margin=&#8220;60px||||false|false&#8220; global_colors_info=&#8220;{}&#8220;][\/et_pb_image][et_pb_text _builder_version=&#8220;4.16&#8243; _module_preset=&#8220;default&#8220; text_font=&#8220;Open Sans||||||||&#8220; custom_margin=&#8220;-14px|||||&#8220; global_colors_info=&#8220;{}&#8220;]<\/p>\n<p>Fyrir utan almenna danskennslu stendur sk\u00f3linn fyrir j\u00f3la- og vordansleikjum me\u00f0 nemendas\u00fdningu \u00fear sem \u00f6llum nemendum sk\u00f3lans er gefinn kostur \u00e1 a\u00f0 koma fram.<\/p>\n<p>\u00dej\u00e1lfun keppnisdansara \u00e1 st\u00f3ran sess \u00ed starfsemi sk\u00f3lans. Hafa margir dansarar sem hafa hloti\u00f0 \u00fej\u00e1lfun \u00ed danssk\u00f3lanum n\u00e1\u00f0 fr\u00e1b\u00e6rum \u00e1rangri \u00ed danskeppnum h\u00e9r heima og erlendis.<\/p>\n<p>[\/et_pb_text][\/et_pb_column][\/et_pb_row][\/et_pb_section][et_pb_section fb_built=&#8220;1&#8243; admin_label=&#8220;Our Classes Section&#8220; _builder_version=&#8220;4.16&#8243; background_color=&#8220;#fafbfc&#8220; custom_padding=&#8220;5px|0px|10px|0px||&#8220; global_colors_info=&#8220;{}&#8220;][et_pb_row module_id=&#8220;verdskra&#8220; _builder_version=&#8220;4.16&#8243; custom_padding=&#8220;0px|||||&#8220; global_colors_info=&#8220;{}&#8220;][et_pb_column type=&#8220;4_4&#8243; _builder_version=&#8220;4.16&#8243; custom_padding=&#8220;|||&#8220; global_colors_info=&#8220;{}&#8220; custom_padding__hover=&#8220;|||&#8220;][et_pb_text _builder_version=&#8220;4.16&#8243; text_font=&#8220;||||||||&#8220; header_font=&#8220;||||||||&#8220; header_2_font=&#8220;Poppins|500||on|||||&#8220; header_2_text_color=&#8220;rgba(0,0,0,0.2)&#8220; header_2_font_size=&#8220;16px&#8220; header_2_letter_spacing=&#8220;1px&#8220; header_2_line_height=&#8220;1.3em&#8220; text_orientation=&#8220;center&#8220; custom_margin=&#8220;||20px|&#8220; saved_tabs=&#8220;all&#8220; locked=&#8220;off&#8220; global_colors_info=&#8220;{}&#8220;]<\/p>\n<h2 style=\"text-align: left;\">VER\u00d0SKR\u00c1<\/h2>\n<p>[\/et_pb_text][et_pb_text _builder_version=&#8220;4.24.2&#8243; text_font=&#8220;||||||||&#8220; header_font=&#8220;||||||||&#8220; header_text_align=&#8220;center&#8220; header_3_font=&#8220;Poppins|600|||||||&#8220; header_3_text_color=&#8220;#44d89e&#8220; header_3_font_size=&#8220;36px&#8220; header_3_line_height=&#8220;1.4em&#8220; text_orientation=&#8220;center&#8220; custom_margin=&#8220;||-5px|||&#8220; hover_enabled=&#8220;0&#8243; global_colors_info=&#8220;{}&#8220; sticky_enabled=&#8220;0&#8243;]<\/p>\n<h3 style=\"text-align: left;\">VER\u00d0SKR\u00c1 &amp; STUNDARSKR\u00c1 VOR\u00d6NN 2026<\/h3>\n<p>[\/et_pb_text][et_pb_accordion _builder_version=&#8220;4.24.2&#8243; _module_preset=&#8220;default&#8220; global_colors_info=&#8220;{}&#8220;][et_pb_accordion_item title=&#8220;B\u00f6rn 12 \u00e1ra og yngri&#8220; open=&#8220;off&#8220; _builder_version=&#8220;4.24.2&#8243; _module_preset=&#8220;default&#8220; global_colors_info=&#8220;{}&#8220;]<\/p>\n<p>Fr\u00edtt \u00ed dans fyrir12 \u00e1ra og yngri byrjendur \u00e1 vor\u00f6nn.\u00a0<\/p>\n<p><strong>Kennsludagar &amp; t\u00edmi<\/strong><\/p>\n<p>3-5 \u00e1ra Laugardagar kl. 10:00 \u2013 10:40<\/p>\n<p>6 \u2013 8 \u00e1ra Laugardagar kl. 10.50 \u2013 11:40<\/p>\n<p>9-12 \u00e1ra Laugardagar kl. 11:50 \u2013 12:40<\/p>\n<p>[\/et_pb_accordion_item][et_pb_accordion_item title=&#8220;Fullor\u00f0nir&#8220; _builder_version=&#8220;4.24.2&#8243; _module_preset=&#8220;default&#8220; global_colors_info=&#8220;{}&#8220; open=&#8220;on&#8220;]<\/p>\n<p style=\"font-weight: 400;\">Ver\u00f0 kr. 38.900 \u00e1 mann \u00f6nnin.\u00a0\u00a0<\/p>\n<p style=\"font-weight: 400;\"><strong>Kennsludagar &amp; t\u00edmi<\/strong><\/p>\n<p>Fullor\u00f0nir p\u00f6r &#8211; Byrjendur\u00a0 \u00a0 \u00a0 \u00a0 \u00a0 \u00a0 \u00a0 \u00a0 \u00a0 \u00a0 \u00a0 \u00a0 \u00a0Manudagar \u00a0\u00a0\u00a0\u00a0\u00a0\u00a0 kl. 19:00 \u2013 20:15<\/p>\n<p>Fullor\u00f0nir p\u00f6r &#8211; Framhald 1\u00a0 \u00a0 \u00a0 \u00a0 \u00a0 \u00a0 \u00a0 \u00a0 \u00a0 \u00a0 \u00a0 M\u00e1nudagar \u00a0\u00a0\u00a0\u00a0\u00a0\u00a0 kl. 20:00 \u2013 21:15<\/p>\n<p>Fullor\u00f0nir p\u00f6r &#8211; Framhald 2\u00a0 \u00a0 \u00a0 \u00a0 \u00a0 \u00a0 \u00a0 \u00a0 \u00a0 \u00a0 \u00a0 \u00deri\u00f0judagar \u00a0\u00a0\u00a0\u00a0\u00a0 kl. 20:00 \u2013 21:15<\/p>\n<p>Fullor\u00f0nir p\u00f6r &#8211; \u00a0Framhald 3\u00a0 \u00a0 \u00a0 \u00a0 \u00a0 \u00a0 \u00a0 \u00a0 \u00a0 \u00a0 \u00a0Mi\u00f0vikudagar \u00a0\u00a0 kl. 20:00 \u2013 21:15<\/p>\n<p>&nbsp;<\/p>\n<p><span><strong>Fullor\u00f0nir solo \u2013 Latin<\/strong>\u00a0\u00a0\u00a0\u00a0\u00a0\u00a0\u00a0\u00a0\u00a0\u00a0\u00a0\u00a0\u00a0\u00a0\u00a0\u00a0\u00a0\u00a0\u00a0\u00a0\u00a0\u00a0\u00a0\u00a0\u00a0<\/span><wbr \/><span>\u00a0 \u00a0 \u00a0 \u00a0\u00deri\u00f0judagar\u00a0\u00a0\u00a0\u00a0\u00a0\u00a0\u00a0 kl. 19:00 \u2013 19:50<br \/>Hefst 3. febr\u00faar\u00a0<br \/><\/span><span>8 skipti kr. 20.000 stakur t\u00edmi kr. 3.000<\/span><\/p>\n<p><span><\/span><\/p>\n<p><span><strong>Fullor\u00f0nir Disk\u00f3\u00a0<\/strong> \u00a0 \u00a0 \u00a0 \u00a0 \u00a0 \u00a0 \u00a0 \u00a0 \u00a0 \u00a0 \u00a0 \u00a0 \u00a0 \u00a0 \u00a0 \u00a0 \u00a0 \u00a0 \u00a0 \u00a0 Fimmtudagar\u00a0 \u00a0 \u00a0kl. 19:30 \u2013 20:20<br \/>Hefst 5. febr\u00faar<br \/><\/span><span>8 skipti kr. 20.000 stakur t\u00edmi kr. 3.000.<br \/><\/span><span><\/span><\/p>\n<p><span><\/span><\/p>\n<p style=\"font-weight: 400;\">\n<p>[\/et_pb_accordion_item][\/et_pb_accordion][\/et_pb_column][\/et_pb_row][\/et_pb_section][et_pb_section fb_built=&#8220;1&#8243; _builder_version=&#8220;4.24.2&#8243; _module_preset=&#8220;default&#8220; min_height=&#8220;155px&#8220; custom_margin=&#8220;3px|||||&#8220; custom_padding=&#8220;14px||0px|||&#8220; global_colors_info=&#8220;{}&#8220;][\/et_pb_section]<\/p>\n","protected":false},"excerpt":{"rendered":"<p>SAGANDanssk\u00f3li K\u00f6ru &#8211; \u00feekking sem spannar yfir 30 \u00e1ra ferilKara h\u00f3f dansn\u00e1m 4 \u00e1ra hj\u00e1 Danssk\u00f3la Hemanns Ragnars. Var svo einn vetur hj\u00e1 Danssk\u00f3la Hei\u00f0ars \u00c1stvaldssonar. H\u00fan stunda\u00f0i Jassballett \u00ed dansst\u00fad\u00ed\u00f3i S\u00f3leyjar \u00e1rin 1979-1985. H\u00fan f\u00f3r til Danmerkur hausti\u00f0 1983 \u00ed eitt \u00e1r og stunda\u00f0i n\u00e1m \u00ed Dansinstetut Thage. \u00dear l\u00e6r\u00f0i h\u00fan samkv\u00e6misdansa , ballett, [&hellip;]<\/p>\n","protected":false},"author":1,"featured_media":0,"parent":0,"menu_order":0,"comment_status":"open","ping_status":"open","template":"","meta":{"_et_pb_use_builder":"on","_et_pb_old_content":"<a href=\"https:\/\/dansskoli.is\/kara\/wp-content\/uploads\/2022\/01\/Banner.jpg\"><img class=\"alignnone wp-image-719 size-large\" src=\"https:\/\/dansskoli.is\/kara\/wp-content\/uploads\/2022\/01\/Banner-1024x481.jpg\" alt=\"\" width=\"640\" height=\"301\" \/><\/a>Danssk\u00f3li\u00a0 K\u00f6ru var stofna\u00f0ur hausti\u00f0 2019 af K\u00f6ru Anrgr\u00edmsd\u00f3ttur.\u00a0 \u00c1\u00f0ur haf\u00f0i h\u00fan reki\u00f0 Danssk\u00f3la J\u00f3ns P\u00e9turs og K\u00f6ru \u00ed f\u00e9lagi vi\u00f0 J\u00f3n P\u00e9tur \u00dalflj\u00f3tsson \u00ed 30 \u00e1r.\n\nKennt er \u00ed tveimur s\u00f6lum og er \u00fev\u00ed a\u00f0sta\u00f0an til dansi\u00f0kunar alveg fr\u00e1b\u00e6r. Nemendur sk\u00f3lans eru \u00e1 \u00f6llum aldri og felst starfsemin a\u00f0allega \u00ed \u00fev\u00ed a\u00f0 kenna f\u00f3lki almennan dans s.s samkv\u00e6misdansa, barnadansa, Salsa,\u00a0 og Break\/Street.\n\nFyrir utan almenna danskennslu stendur sk\u00f3linn fyrir j\u00f3la- og vordansleikjum me\u00f0 nemendas\u00fdningu \u00fear sem \u00f6llum nemendum sk\u00f3lans er gefinn kostur \u00e1 a\u00f0 koma fram.\n\n\u00dej\u00e1lfun keppnisdansara \u00e1 st\u00f3ran sess \u00ed starfsemi sk\u00f3lans. Hafa margir dansarar sem hafa hloti\u00f0 \u00fej\u00e1lfun \u00ed danssk\u00f3lanum n\u00e1\u00f0 fr\u00e1b\u00e6rum \u00e1rangri \u00ed danskeppnum h\u00e9r heima og erlendis.","_et_gb_content_width":"","footnotes":""},"aioseo_notices":[],"jetpack_sharing_enabled":true,"_links":{"self":[{"href":"https:\/\/dansskoli.is\/kara\/wp-json\/wp\/v2\/pages\/16"}],"collection":[{"href":"https:\/\/dansskoli.is\/kara\/wp-json\/wp\/v2\/pages"}],"about":[{"href":"https:\/\/dansskoli.is\/kara\/wp-json\/wp\/v2\/types\/page"}],"author":[{"embeddable":true,"href":"https:\/\/dansskoli.is\/kara\/wp-json\/wp\/v2\/users\/1"}],"replies":[{"embeddable":true,"href":"https:\/\/dansskoli.is\/kara\/wp-json\/wp\/v2\/comments?post=16"}],"version-history":[{"count":54,"href":"https:\/\/dansskoli.is\/kara\/wp-json\/wp\/v2\/pages\/16\/revisions"}],"predecessor-version":[{"id":239056,"href":"https:\/\/dansskoli.is\/kara\/wp-json\/wp\/v2\/pages\/16\/revisions\/239056"}],"wp:attachment":[{"href":"https:\/\/dansskoli.is\/kara\/wp-json\/wp\/v2\/media?parent=16"}],"curies":[{"name":"wp","href":"https:\/\/api.w.org\/{rel}","templated":true}]}}