{"id":152,"date":"2010-09-29T12:09:29","date_gmt":"2010-09-29T12:09:29","guid":{"rendered":"https:\/\/dansskoli.is\/kara\/"},"modified":"2022-02-22T23:19:30","modified_gmt":"2022-02-22T23:19:30","slug":"starfsfolk","status":"publish","type":"page","link":"https:\/\/dansskoli.is\/kara\/dansskolinn\/starfsfolk\/","title":{"rendered":"Starfsf\u00f3lk"},"content":{"rendered":"[et_pb_section admin_label=&#8220;section&#8220;]\n\t\t\t[et_pb_row admin_label=&#8220;row&#8220;]\n\t\t\t\t[et_pb_column type=&#8220;4_4&#8243;][et_pb_text admin_label=&#8220;Text&#8220;]\n<figure class=\"wp-block-image\"><img decoding=\"async\" src=\"blob:https:\/\/dansskoli.is\/3546280b-f5cc-4f19-9efb-095d4bf901f2\" alt=\"\"\/><\/figure>\n\n\n<h3><!--more--><\/h3>\n<h3><strong><img loading=\"lazy\" decoding=\"async\" class=\"alignleft\" src=\"http:\/\/dansskoli.is\/kara\/wp-content\/uploads\/2019\/08\/Kara-portrait-842x1024.jpg\" alt=\"This image has an empty alt attribute; its file name is Kara-portrait-842x1024.jpg\" width=\"125\" height=\"152\">Kara Arngr\u00edmsd\u00f3ttir<\/strong><br><strong>danskennari og eigandi <\/strong><\/h3>\n<p><\/p>\n<p><span style=\"font-size: 12pt;\">Kara h\u00f3f dansn\u00e1m 4 \u00e1ra hj\u00e1 Danssk\u00f3la Hemanns Ragnars. Var svo einn vetur hj\u00e1 Danssk\u00f3la Hei\u00f0ars \u00c1stvaldssonar. <\/span><span style=\"font-size: 12pt;\">H\u00fan stunda\u00f0i Jassballett \u00ed dansst\u00fad\u00ed\u00f3i S\u00f3leyjar \u00e1rin 1979-1985. <br><\/span><span style=\"font-size: 12pt;\">H\u00fan f\u00f3r til Danmerkur hausti\u00f0 1983 \u00ed eitt \u00e1r og stunda\u00f0i n\u00e1m \u00ed Dansinstetut Thage. \u00dear l\u00e6r\u00f0i h\u00fan samkv\u00e6misdansa , ballett, jassballett og stepp.<br><\/span><span style=\"font-size: 12pt;\">Kara h\u00f3f n\u00e1m hj\u00e1 Danssk\u00f3la Sigur\u00f0ar H\u00e1konarsonar hausti\u00f0 1980 og var a\u00f0sto\u00f0arkennari hj\u00e1 honum \u00fear til a\u00f0 h\u00fan h\u00f3f danskennaran\u00e1m hj\u00e1 honum sem h\u00fan lauk 26. ma\u00ed 1989 fr\u00e1 F\u00cdD.<br><\/span><span style=\"font-size: 12pt;\">S\u00ed\u00f0an h\u00f3f h\u00fan a\u00f0 stunda keppnisdans \u00e1ri\u00f0 1985 og keppti \u00e1samt J\u00f3ni P\u00e9tri \u00dalflj\u00f3tssyni \u00e1 \u00f6llum \u00cdslandsmeistaram\u00f3tum \u00ed flokki atvinnumanna \u00fear til a\u00f0 \u00feau luku keppni \u00ed ma\u00ed 1997. \u00deau ur\u00f0u 26 sinnum \u00cdslandsmeistarar \u00e1 ferlinum.<br><\/span><span style=\"font-size: 12pt;\">\u00deau voru svo fulltr\u00faar \u00cdslands \u00e1 Evr\u00f3pu og heimsmeistaram\u00f3um fr\u00e1 \u00e1rinu 1988. H\u00fan stofna\u00f0i svo Danssk\u00f3la J\u00f3ns P\u00e9turs og K\u00f6ru hausti\u00f0 1989 og hefur \u00fej\u00e1lfa\u00f0 marga af bestu keppnisd\u00f6nsurum fr\u00e1 upphafi.<br><\/span><span style=\"font-size: 12pt;\">Kara t\u00f3k Membership pr\u00f3f \u00ed Standardd\u00f6nsum og S.-amer\u00edskum d\u00f6nsum hj\u00e1 IDTA (International Dance Teachers\u00b4 Assotiation \u00ed ma\u00ed 1999. F\u00e9kk \u00fe\u00e1 al\u00fej\u00f3\u00f0leg d\u00f3marar\u00e9ttindi.<br><\/span><span style=\"font-size: 12pt;\">H\u00fan er me\u00f0limur \u00ed Danskennarasambandi \u00cdslands og er forseti f\u00e9lagsins.<\/span><\/p>\n<p><\/p>\n<h3>&nbsp;<\/h3>\n<h3><b>&nbsp; &nbsp; &nbsp; &nbsp; &nbsp; &nbsp; &nbsp; &nbsp; &nbsp; &nbsp; &nbsp; &nbsp; &nbsp; &nbsp; &nbsp; <\/b><\/h3>\n<p><\/p>\n<h3>&nbsp;<\/h3>\n\n\n<figure class=\"wp-block-image\"><img decoding=\"async\" src=\"blob:https:\/\/dansskoli.is\/c3746438-8592-42a7-86ed-538351227fe0\" alt=\"\"\/><\/figure>\n\n\n\n<div class=\"wp-block-image\"><figure class=\"alignleft is-resized\"><img loading=\"lazy\" decoding=\"async\" src=\"https:\/\/dansskoli.is\/kara\/wp-content\/uploads\/2019\/11\/Mynd-af-El\u00edsabetu-1-963x1024.jpg\" alt=\"\" class=\"wp-image-619\" width=\"156\" height=\"165\" srcset=\"https:\/\/dansskoli.is\/kara\/wp-content\/uploads\/2019\/11\/Mynd-af-El\u00edsabetu-1-963x1024.jpg 963w, https:\/\/dansskoli.is\/kara\/wp-content\/uploads\/2019\/11\/Mynd-af-El\u00edsabetu-1-600x638.jpg 600w, https:\/\/dansskoli.is\/kara\/wp-content\/uploads\/2019\/11\/Mynd-af-El\u00edsabetu-1-120x128.jpg 120w, https:\/\/dansskoli.is\/kara\/wp-content\/uploads\/2019\/11\/Mynd-af-El\u00edsabetu-1-202x215.jpg 202w, https:\/\/dansskoli.is\/kara\/wp-content\/uploads\/2019\/11\/Mynd-af-El\u00edsabetu-1-36x38.jpg 36w, https:\/\/dansskoli.is\/kara\/wp-content\/uploads\/2019\/11\/Mynd-af-El\u00edsabetu-1-90x96.jpg 90w, https:\/\/dansskoli.is\/kara\/wp-content\/uploads\/2019\/11\/Mynd-af-El\u00edsabetu-1-282x300.jpg 282w, https:\/\/dansskoli.is\/kara\/wp-content\/uploads\/2019\/11\/Mynd-af-El\u00edsabetu-1-768x816.jpg 768w, https:\/\/dansskoli.is\/kara\/wp-content\/uploads\/2019\/11\/Mynd-af-El\u00edsabetu-1.jpg 1205w\" sizes=\"(max-width: 156px) 100vw, 156px\" \/><\/figure><\/div>\n\n\n\n<figure class=\"wp-block-image\"><img decoding=\"async\" src=\"blob:https:\/\/dansskoli.is\/4af50f49-16ba-47d4-8b08-f14c7664abfa\" alt=\"\"\/><\/figure>\n\n\n\n<h3 class=\"wp-block-heading\">El\u00edsabet Sif Haraldssd\u00f3ttir&nbsp;<\/h3>\n\n\n\n<p><strong>danskennari og deildarstj\u00f3ri latin&nbsp;<\/strong><strong> &nbsp; &nbsp; <\/strong><\/p>\n\n\n\n<p>El\u00edsabet Sif h\u00f3f dansn\u00e1m vi\u00f0 Danssk\u00f3la J\u00f3ns P\u00e9turs og K\u00f6ru 1991 og h\u00f3f \u00fe\u00e1 strax sinn gl\u00e6sta keppnisferil \u00ed samkv\u00e6misdansi.&nbsp; H\u00fan var\u00f0 margfaldur \u00cdslandsmeistari \u00ed dansi.&nbsp; \u00c1ri\u00f0 1996 komst h\u00fan \u00ed undan\u00farslit me\u00f0 dansherranum s\u00ednum Sigursteini Stef\u00e1nssyni \u00ed flokki unglinga \u00ed ballroomd\u00f6nsum \u00ed Blackpool sem er ein st\u00e6rsta keppni heims \u00ed samkv\u00e6misd\u00f6nsum og sigra\u00f0i \u00ed su\u00f0ur- amer\u00edskum d\u00f6nsum.&nbsp; \u00c1ri\u00f0 1997 f\u00f3r El\u00edsabet Sif \u00fat \u00ed heim a\u00f0 dansa og var\u00f0 m.a. breskur , svissneskur og sl\u00f3venskur meistari \u00e1 ferlinum me\u00f0 dansf\u00e9l\u00f6gum s\u00ednum. &nbsp; Keppnisferli s\u00ednum lauk h\u00fan \u00e1ri\u00f0 2005.&nbsp; Eftir \u00fea\u00f0 t\u00f3k h\u00fan danskennarapr\u00f3f \u00ed su\u00f0ur-amer\u00edskum d\u00f6nsum.&nbsp; Eftir danskennarapr\u00f3f flutti h\u00fan til Kanada og kenndi dans \u00fear.&nbsp; Kom \u00fe\u00e1 reglulega til landsins og kenndi \u00ed sk\u00f3lanum sem gestakennari.&nbsp; H\u00fan flutti s\u00ed\u00f0an heim til \u00cdslands sumari\u00f0 2015 og hefur s\u00ed\u00f0an \u00fe\u00e1 kennt vi\u00f0 sk\u00f3lann.<\/p>\n\n\n\n<figure class=\"wp-block-image is-resized\"><img loading=\"lazy\" decoding=\"async\" src=\"https:\/\/dansskoli.is\/kara\/wp-content\/uploads\/2019\/11\/Mynd-af-Stefan\u00edu-3.jpg\" alt=\"\" class=\"wp-image-624\" width=\"162\" height=\"162\" srcset=\"https:\/\/dansskoli.is\/kara\/wp-content\/uploads\/2019\/11\/Mynd-af-Stefan\u00edu-3.jpg 960w, https:\/\/dansskoli.is\/kara\/wp-content\/uploads\/2019\/11\/Mynd-af-Stefan\u00edu-3-300x300.jpg 300w, https:\/\/dansskoli.is\/kara\/wp-content\/uploads\/2019\/11\/Mynd-af-Stefan\u00edu-3-100x100.jpg 100w, https:\/\/dansskoli.is\/kara\/wp-content\/uploads\/2019\/11\/Mynd-af-Stefan\u00edu-3-600x600.jpg 600w, https:\/\/dansskoli.is\/kara\/wp-content\/uploads\/2019\/11\/Mynd-af-Stefan\u00edu-3-128x128.jpg 128w, https:\/\/dansskoli.is\/kara\/wp-content\/uploads\/2019\/11\/Mynd-af-Stefan\u00edu-3-215x215.jpg 215w, https:\/\/dansskoli.is\/kara\/wp-content\/uploads\/2019\/11\/Mynd-af-Stefan\u00edu-3-38x38.jpg 38w, https:\/\/dansskoli.is\/kara\/wp-content\/uploads\/2019\/11\/Mynd-af-Stefan\u00edu-3-96x96.jpg 96w, https:\/\/dansskoli.is\/kara\/wp-content\/uploads\/2019\/11\/Mynd-af-Stefan\u00edu-3-150x150.jpg 150w, https:\/\/dansskoli.is\/kara\/wp-content\/uploads\/2019\/11\/Mynd-af-Stefan\u00edu-3-768x768.jpg 768w\" sizes=\"(max-width: 162px) 100vw, 162px\" \/><figcaption> <br> <br> <br> <br> <br><\/figcaption><\/figure>\n\n\n\n<p><strong>Stefan\u00eda Fanney \u00c1rmannsd\u00f3ttir&nbsp; <\/strong><\/p>\n\n\n\n<p><strong>a\u00f0sto\u00f0arkennari<\/strong><\/p>\n\n\n\n<p>Stefan\u00eda Fanney hefur \u00e6ft dans fr\u00e1 barnsaldri og keppt \u00ed m\u00f6rg \u00e1r. H\u00fan \u00e6fir me\u00f0 Reyni Stef\u00e1nssyni og keppa \u00feau \u00ed flokki fullor\u00f0inna \u00ed su\u00f0ur-amer\u00edskum d\u00f6nsum. \u00deau eru \u00ed Landsli\u00f0sh\u00f3pi DS\u00cd \u00ed samkv\u00e6misd\u00f6nsum.<\/p>\n\n\n\n<figure class=\"wp-block-image is-resized\"><img loading=\"lazy\" decoding=\"async\" src=\"https:\/\/dansskoli.is\/kara\/wp-content\/uploads\/2019\/11\/Mynd-af-Ellinu-4.jpg\" alt=\"\" class=\"wp-image-634\" width=\"177\" height=\"177\" srcset=\"https:\/\/dansskoli.is\/kara\/wp-content\/uploads\/2019\/11\/Mynd-af-Ellinu-4.jpg 640w, https:\/\/dansskoli.is\/kara\/wp-content\/uploads\/2019\/11\/Mynd-af-Ellinu-4-300x300.jpg 300w, https:\/\/dansskoli.is\/kara\/wp-content\/uploads\/2019\/11\/Mynd-af-Ellinu-4-100x100.jpg 100w, https:\/\/dansskoli.is\/kara\/wp-content\/uploads\/2019\/11\/Mynd-af-Ellinu-4-600x600.jpg 600w, https:\/\/dansskoli.is\/kara\/wp-content\/uploads\/2019\/11\/Mynd-af-Ellinu-4-128x128.jpg 128w, https:\/\/dansskoli.is\/kara\/wp-content\/uploads\/2019\/11\/Mynd-af-Ellinu-4-215x215.jpg 215w, https:\/\/dansskoli.is\/kara\/wp-content\/uploads\/2019\/11\/Mynd-af-Ellinu-4-38x38.jpg 38w, https:\/\/dansskoli.is\/kara\/wp-content\/uploads\/2019\/11\/Mynd-af-Ellinu-4-96x96.jpg 96w, https:\/\/dansskoli.is\/kara\/wp-content\/uploads\/2019\/11\/Mynd-af-Ellinu-4-150x150.jpg 150w\" sizes=\"(max-width: 177px) 100vw, 177px\" \/><\/figure>\n\n\n\n<p><strong>Ellina Baykova&nbsp;<\/strong><\/p>\n\n\n\n<p><strong>Zumba<\/strong> <\/p>\n\n\n\n<p>Ellina Baykova er fr\u00e1 R\u00fasslandi.\u00a0 H\u00fan stunda\u00f0i dansn\u00e1m \u00ed Moskvu og stafa\u00f0i \u00fear sem s\u00f3l\u00f3dansari, dansh\u00f6fundur og kennari fr\u00e1 \u00e1rinu 2002.\u00a0 H\u00fan hefur reynslu \u00ed \u00fdmsum danstegundum s.s. Hiphop, magandansi, jazz, funk og freestyle.\u00a0 Hefur undanfarin \u00e1r s\u00f3tt \u00fdmsar dansr\u00e1\u00f0stefnur og n\u00e1mskei\u00f0 \u00ed R\u00fasslandi <\/p>\n\n\n\n<p><\/p>\n\n\n\n<figure class=\"wp-block-image is-resized\"><img loading=\"lazy\" decoding=\"async\" src=\"https:\/\/dansskoli.is\/kara\/wp-content\/uploads\/2019\/11\/Mynd-af-Tenzin-2-1024x747.jpg\" alt=\"\" class=\"wp-image-636\" width=\"240\" height=\"176\" srcset=\"https:\/\/dansskoli.is\/kara\/wp-content\/uploads\/2019\/11\/Mynd-af-Tenzin-2-1024x747.jpg 1024w, https:\/\/dansskoli.is\/kara\/wp-content\/uploads\/2019\/11\/Mynd-af-Tenzin-2-600x438.jpg 600w, https:\/\/dansskoli.is\/kara\/wp-content\/uploads\/2019\/11\/Mynd-af-Tenzin-2-128x93.jpg 128w, https:\/\/dansskoli.is\/kara\/wp-content\/uploads\/2019\/11\/Mynd-af-Tenzin-2-295x215.jpg 295w, https:\/\/dansskoli.is\/kara\/wp-content\/uploads\/2019\/11\/Mynd-af-Tenzin-2-38x28.jpg 38w, https:\/\/dansskoli.is\/kara\/wp-content\/uploads\/2019\/11\/Mynd-af-Tenzin-2-96x70.jpg 96w, https:\/\/dansskoli.is\/kara\/wp-content\/uploads\/2019\/11\/Mynd-af-Tenzin-2-300x219.jpg 300w, https:\/\/dansskoli.is\/kara\/wp-content\/uploads\/2019\/11\/Mynd-af-Tenzin-2-768x560.jpg 768w, https:\/\/dansskoli.is\/kara\/wp-content\/uploads\/2019\/11\/Mynd-af-Tenzin-2.jpg 1264w\" sizes=\"(max-width: 240px) 100vw, 240px\" \/><\/figure>\n\n\n\n<p><strong>Tenzie Khechok&nbsp;<\/strong><\/p>\n\n\n\n<p><strong>Break\/Street<\/strong><\/p>\n\n\n\n<p>Tenzie hefur\n\u00e6ft Breakdance \u00ed r\u00famlega 15 \u00e1r.&nbsp;&nbsp;Hann hefur einnig \u00e6ft Hip hop,\nFreestyle, Popping lokcing og Waving.&nbsp;&nbsp;Tenzie hefur komi\u00f0 fram v\u00ed\u00f0a\ns.s. \u00ed M\u00fasiktilraunum, Unglist, me\u00f0 \u00d3skari Axeli og P\u00e1li \u00d3skari. Hann var\nme\u00f0limur \u00ed dansh\u00f3pnum \u201eAria of Stilez\u201c sem ger\u00f0i gar\u00f0inn fr\u00e6gan \u00ed\nsj\u00f3nvarps\u00fe\u00e1ttunum \u201eDans Dans Dans\u201c.&nbsp;<\/p>\n[\/et_pb_text][\/et_pb_column]\n\t\t\t[\/et_pb_row]\n\t\t[\/et_pb_section]","protected":false},"excerpt":{"rendered":"<p>Kara Arngr\u00edmsd\u00f3ttirdanskennari og eigandi Kara h\u00f3f dansn\u00e1m 4 \u00e1ra hj\u00e1 Danssk\u00f3la Hemanns Ragnars. Var svo einn vetur hj\u00e1 Danssk\u00f3la Hei\u00f0ars \u00c1stvaldssonar. H\u00fan stunda\u00f0i Jassballett \u00ed dansst\u00fad\u00ed\u00f3i S\u00f3leyjar \u00e1rin 1979-1985. H\u00fan f\u00f3r til Danmerkur hausti\u00f0 1983 \u00ed eitt \u00e1r og stunda\u00f0i n\u00e1m \u00ed Dansinstetut Thage. \u00dear l\u00e6r\u00f0i h\u00fan samkv\u00e6misdansa , ballett, jassballett og stepp.Kara h\u00f3f n\u00e1m [&hellip;]<\/p>\n","protected":false},"author":1,"featured_media":0,"parent":16,"menu_order":0,"comment_status":"open","ping_status":"open","template":"","meta":{"_et_pb_use_builder":"on","_et_pb_old_content":"<!-- wp:image -->\n<figure class=\"wp-block-image\"><img src=\"blob:https:\/\/dansskoli.is\/3546280b-f5cc-4f19-9efb-095d4bf901f2\" alt=\"\"\/><\/figure>\n<!-- \/wp:image -->\n\n<h3><!--more--><\/h3>\n<h3><strong><img class=\"alignleft\" src=\"http:\/\/dansskoli.is\/kara\/wp-content\/uploads\/2019\/08\/Kara-portrait-842x1024.jpg\" alt=\"This image has an empty alt attribute; its file name is Kara-portrait-842x1024.jpg\" width=\"125\" height=\"152\">Kara Arngr\u00edmsd\u00f3ttir<\/strong><br><strong>danskennari og eigandi <\/strong><\/h3>\n<p><\/p>\n<p><span style=\"font-size: 12pt;\">Kara h\u00f3f dansn\u00e1m 4 \u00e1ra hj\u00e1 Danssk\u00f3la Hemanns Ragnars. Var svo einn vetur hj\u00e1 Danssk\u00f3la Hei\u00f0ars \u00c1stvaldssonar. <\/span><span style=\"font-size: 12pt;\">H\u00fan stunda\u00f0i Jassballett \u00ed dansst\u00fad\u00ed\u00f3i S\u00f3leyjar \u00e1rin 1979-1985. <br><\/span><span style=\"font-size: 12pt;\">H\u00fan f\u00f3r til Danmerkur hausti\u00f0 1983 \u00ed eitt \u00e1r og stunda\u00f0i n\u00e1m \u00ed Dansinstetut Thage. \u00dear l\u00e6r\u00f0i h\u00fan samkv\u00e6misdansa , ballett, jassballett og stepp.<br><\/span><span style=\"font-size: 12pt;\">Kara h\u00f3f n\u00e1m hj\u00e1 Danssk\u00f3la Sigur\u00f0ar H\u00e1konarsonar hausti\u00f0 1980 og var a\u00f0sto\u00f0arkennari hj\u00e1 honum \u00fear til a\u00f0 h\u00fan h\u00f3f danskennaran\u00e1m hj\u00e1 honum sem h\u00fan lauk 26. ma\u00ed 1989 fr\u00e1 F\u00cdD.<br><\/span><span style=\"font-size: 12pt;\">S\u00ed\u00f0an h\u00f3f h\u00fan a\u00f0 stunda keppnisdans \u00e1ri\u00f0 1985 og keppti \u00e1samt J\u00f3ni P\u00e9tri \u00dalflj\u00f3tssyni \u00e1 \u00f6llum \u00cdslandsmeistaram\u00f3tum \u00ed flokki atvinnumanna \u00fear til a\u00f0 \u00feau luku keppni \u00ed ma\u00ed 1997. \u00deau ur\u00f0u 26 sinnum \u00cdslandsmeistarar \u00e1 ferlinum.<br><\/span><span style=\"font-size: 12pt;\">\u00deau voru svo fulltr\u00faar \u00cdslands \u00e1 Evr\u00f3pu og heimsmeistaram\u00f3um fr\u00e1 \u00e1rinu 1988. H\u00fan stofna\u00f0i svo Danssk\u00f3la J\u00f3ns P\u00e9turs og K\u00f6ru hausti\u00f0 1989 og hefur \u00fej\u00e1lfa\u00f0 marga af bestu keppnisd\u00f6nsurum fr\u00e1 upphafi.<br><\/span><span style=\"font-size: 12pt;\">Kara t\u00f3k Membership pr\u00f3f \u00ed Standardd\u00f6nsum og S.-amer\u00edskum d\u00f6nsum hj\u00e1 IDTA (International Dance Teachers\u00b4 Assotiation \u00ed ma\u00ed 1999. F\u00e9kk \u00fe\u00e1 al\u00fej\u00f3\u00f0leg d\u00f3marar\u00e9ttindi.<br><\/span><span style=\"font-size: 12pt;\">H\u00fan er me\u00f0limur \u00ed Danskennarasambandi \u00cdslands og er forseti f\u00e9lagsins.<\/span><\/p>\n<p><\/p>\n<h3>&nbsp;<\/h3>\n<h3><b>&nbsp; &nbsp; &nbsp; &nbsp; &nbsp; &nbsp; &nbsp; &nbsp; &nbsp; &nbsp; &nbsp; &nbsp; &nbsp; &nbsp; &nbsp; <\/b><\/h3>\n<p><\/p>\n<h3>&nbsp;<\/h3>\n\n<!-- wp:image -->\n<figure class=\"wp-block-image\"><img src=\"blob:https:\/\/dansskoli.is\/c3746438-8592-42a7-86ed-538351227fe0\" alt=\"\"\/><\/figure>\n<!-- \/wp:image -->\n\n<!-- wp:image {\"id\":619,\"align\":\"left\",\"width\":156,\"height\":165} -->\n<div class=\"wp-block-image\"><figure class=\"alignleft is-resized\"><img src=\"https:\/\/dansskoli.is\/kara\/wp-content\/uploads\/2019\/11\/Mynd-af-El\u00edsabetu-1-963x1024.jpg\" alt=\"\" class=\"wp-image-619\" width=\"156\" height=\"165\"\/><\/figure><\/div>\n<!-- \/wp:image -->\n\n<!-- wp:image -->\n<figure class=\"wp-block-image\"><img src=\"blob:https:\/\/dansskoli.is\/4af50f49-16ba-47d4-8b08-f14c7664abfa\" alt=\"\"\/><\/figure>\n<!-- \/wp:image -->\n\n<!-- wp:heading {\"level\":3} -->\n<h3>El\u00edsabet Sif Haraldssd\u00f3ttir&nbsp;<\/h3>\n<!-- \/wp:heading -->\n\n<!-- wp:paragraph -->\n<p><strong>danskennari og deildarstj\u00f3ri latin&nbsp;<\/strong><strong> &nbsp; &nbsp; <\/strong><\/p>\n<!-- \/wp:paragraph -->\n\n<!-- wp:paragraph -->\n<p>El\u00edsabet Sif h\u00f3f dansn\u00e1m vi\u00f0 Danssk\u00f3la J\u00f3ns P\u00e9turs og K\u00f6ru 1991 og h\u00f3f \u00fe\u00e1 strax sinn gl\u00e6sta keppnisferil \u00ed samkv\u00e6misdansi.&nbsp; H\u00fan var\u00f0 margfaldur \u00cdslandsmeistari \u00ed dansi.&nbsp; \u00c1ri\u00f0 1996 komst h\u00fan \u00ed undan\u00farslit me\u00f0 dansherranum s\u00ednum Sigursteini Stef\u00e1nssyni \u00ed flokki unglinga \u00ed ballroomd\u00f6nsum \u00ed Blackpool sem er ein st\u00e6rsta keppni heims \u00ed samkv\u00e6misd\u00f6nsum og sigra\u00f0i \u00ed su\u00f0ur- amer\u00edskum d\u00f6nsum.&nbsp; \u00c1ri\u00f0 1997 f\u00f3r El\u00edsabet Sif \u00fat \u00ed heim a\u00f0 dansa og var\u00f0 m.a. breskur , svissneskur og sl\u00f3venskur meistari \u00e1 ferlinum me\u00f0 dansf\u00e9l\u00f6gum s\u00ednum. &nbsp; Keppnisferli s\u00ednum lauk h\u00fan \u00e1ri\u00f0 2005.&nbsp; Eftir \u00fea\u00f0 t\u00f3k h\u00fan danskennarapr\u00f3f \u00ed su\u00f0ur-amer\u00edskum d\u00f6nsum.&nbsp; Eftir danskennarapr\u00f3f flutti h\u00fan til Kanada og kenndi dans \u00fear.&nbsp; Kom \u00fe\u00e1 reglulega til landsins og kenndi \u00ed sk\u00f3lanum sem gestakennari.&nbsp; H\u00fan flutti s\u00ed\u00f0an heim til \u00cdslands sumari\u00f0 2015 og hefur s\u00ed\u00f0an \u00fe\u00e1 kennt vi\u00f0 sk\u00f3lann.<\/p>\n<!-- \/wp:paragraph -->\n\n<!-- wp:image {\"id\":624,\"width\":162,\"height\":162} -->\n<figure class=\"wp-block-image is-resized\"><img src=\"https:\/\/dansskoli.is\/kara\/wp-content\/uploads\/2019\/11\/Mynd-af-Stefan\u00edu-3.jpg\" alt=\"\" class=\"wp-image-624\" width=\"162\" height=\"162\"\/><figcaption> <br> <br> <br> <br> <br><\/figcaption><\/figure>\n<!-- \/wp:image -->\n\n<!-- wp:paragraph -->\n<p><strong>Stefan\u00eda Fanney \u00c1rmannsd\u00f3ttir&nbsp; <\/strong><\/p>\n<!-- \/wp:paragraph -->\n\n<!-- wp:paragraph -->\n<p><strong>a\u00f0sto\u00f0arkennari<\/strong><\/p>\n<!-- \/wp:paragraph -->\n\n<!-- wp:paragraph -->\n<p>Stefan\u00eda Fanney hefur \u00e6ft dans fr\u00e1 barnsaldri og keppt \u00ed m\u00f6rg \u00e1r. H\u00fan \u00e6fir me\u00f0 Reyni Stef\u00e1nssyni og keppa \u00feau \u00ed flokki fullor\u00f0inna \u00ed su\u00f0ur-amer\u00edskum d\u00f6nsum. \u00deau eru \u00ed Landsli\u00f0sh\u00f3pi DS\u00cd \u00ed samkv\u00e6misd\u00f6nsum.<\/p>\n<!-- \/wp:paragraph -->\n\n<!-- wp:image {\"id\":634,\"width\":177,\"height\":177} -->\n<figure class=\"wp-block-image is-resized\"><img src=\"https:\/\/dansskoli.is\/kara\/wp-content\/uploads\/2019\/11\/Mynd-af-Ellinu-4.jpg\" alt=\"\" class=\"wp-image-634\" width=\"177\" height=\"177\"\/><\/figure>\n<!-- \/wp:image -->\n\n<!-- wp:paragraph -->\n<p><strong>Ellina Baykova&nbsp;<\/strong><\/p>\n<!-- \/wp:paragraph -->\n\n<!-- wp:paragraph -->\n<p><strong>Zumba<\/strong> <\/p>\n<!-- \/wp:paragraph -->\n\n<!-- wp:paragraph -->\n<p>Ellina Baykova er fr\u00e1 R\u00fasslandi.\u00a0 H\u00fan stunda\u00f0i dansn\u00e1m \u00ed Moskvu og stafa\u00f0i \u00fear sem s\u00f3l\u00f3dansari, dansh\u00f6fundur og kennari fr\u00e1 \u00e1rinu 2002.\u00a0 H\u00fan hefur reynslu \u00ed \u00fdmsum danstegundum s.s. Hiphop, magandansi, jazz, funk og freestyle.\u00a0 Hefur undanfarin \u00e1r s\u00f3tt \u00fdmsar dansr\u00e1\u00f0stefnur og n\u00e1mskei\u00f0 \u00ed R\u00fasslandi <\/p>\n<!-- \/wp:paragraph -->\n\n<!-- wp:paragraph -->\n<p><\/p>\n<!-- \/wp:paragraph -->\n\n<!-- wp:image {\"id\":636,\"width\":240,\"height\":176} -->\n<figure class=\"wp-block-image is-resized\"><img src=\"https:\/\/dansskoli.is\/kara\/wp-content\/uploads\/2019\/11\/Mynd-af-Tenzin-2-1024x747.jpg\" alt=\"\" class=\"wp-image-636\" width=\"240\" height=\"176\"\/><\/figure>\n<!-- \/wp:image -->\n\n<!-- wp:paragraph -->\n<p><strong>Tenzie Khechok&nbsp;<\/strong><\/p>\n<!-- \/wp:paragraph -->\n\n<!-- wp:paragraph -->\n<p><strong>Break\/Street<\/strong><\/p>\n<!-- \/wp:paragraph -->\n\n<!-- wp:paragraph -->\n<p>Tenzie hefur\n\u00e6ft Breakdance \u00ed r\u00famlega 15 \u00e1r.&nbsp;&nbsp;Hann hefur einnig \u00e6ft Hip hop,\nFreestyle, Popping lokcing og Waving.&nbsp;&nbsp;Tenzie hefur komi\u00f0 fram v\u00ed\u00f0a\ns.s. \u00ed M\u00fasiktilraunum, Unglist, me\u00f0 \u00d3skari Axeli og P\u00e1li \u00d3skari. Hann var\nme\u00f0limur \u00ed dansh\u00f3pnum \u201eAria of Stilez\u201c sem ger\u00f0i gar\u00f0inn fr\u00e6gan \u00ed\nsj\u00f3nvarps\u00fe\u00e1ttunum \u201eDans Dans Dans\u201c.&nbsp;<\/p>\n<!-- \/wp:paragraph -->","_et_gb_content_width":"","footnotes":""},"aioseo_notices":[],"jetpack_sharing_enabled":true,"_links":{"self":[{"href":"https:\/\/dansskoli.is\/kara\/wp-json\/wp\/v2\/pages\/152"}],"collection":[{"href":"https:\/\/dansskoli.is\/kara\/wp-json\/wp\/v2\/pages"}],"about":[{"href":"https:\/\/dansskoli.is\/kara\/wp-json\/wp\/v2\/types\/page"}],"author":[{"embeddable":true,"href":"https:\/\/dansskoli.is\/kara\/wp-json\/wp\/v2\/users\/1"}],"replies":[{"embeddable":true,"href":"https:\/\/dansskoli.is\/kara\/wp-json\/wp\/v2\/comments?post=152"}],"version-history":[{"count":58,"href":"https:\/\/dansskoli.is\/kara\/wp-json\/wp\/v2\/pages\/152\/revisions"}],"predecessor-version":[{"id":996,"href":"https:\/\/dansskoli.is\/kara\/wp-json\/wp\/v2\/pages\/152\/revisions\/996"}],"up":[{"embeddable":true,"href":"https:\/\/dansskoli.is\/kara\/wp-json\/wp\/v2\/pages\/16"}],"wp:attachment":[{"href":"https:\/\/dansskoli.is\/kara\/wp-json\/wp\/v2\/media?parent=152"}],"curies":[{"name":"wp","href":"https:\/\/api.w.org\/{rel}","templated":true}]}}