{"id":146,"date":"2010-09-29T12:07:59","date_gmt":"2010-09-29T12:07:59","guid":{"rendered":"https:\/\/dansskoli.is\/kara\/"},"modified":"2019-08-19T13:06:11","modified_gmt":"2019-08-19T13:06:11","slug":"hafa-samband","status":"publish","type":"page","link":"https:\/\/dansskoli.is\/kara\/dansskolinn\/hafa-samband\/","title":{"rendered":"Hafa samband"},"content":{"rendered":"<h2>Danssk\u00f3li K\u00f6ru<\/h2>\n<p>S\u00ed\u00f0um\u00fala 30<br \/>\n108 Reykjav\u00edk<\/p>\n<p>e-mail: dans@dansskoli.is<\/p>\n<p>Tel 553-6645<\/p>\n","protected":false},"excerpt":{"rendered":"<p>Danssk\u00f3li K\u00f6ru S\u00ed\u00f0um\u00fala 30 108 Reykjav\u00edk e-mail: dans@dansskoli.is Tel 553-6645<\/p>\n","protected":false},"author":1,"featured_media":0,"parent":16,"menu_order":0,"comment_status":"open","ping_status":"open","template":"","meta":{"_et_pb_use_builder":"","_et_pb_old_content":"","_et_gb_content_width":"","footnotes":""},"aioseo_notices":[],"jetpack_sharing_enabled":true,"_links":{"self":[{"href":"https:\/\/dansskoli.is\/kara\/wp-json\/wp\/v2\/pages\/146"}],"collection":[{"href":"https:\/\/dansskoli.is\/kara\/wp-json\/wp\/v2\/pages"}],"about":[{"href":"https:\/\/dansskoli.is\/kara\/wp-json\/wp\/v2\/types\/page"}],"author":[{"embeddable":true,"href":"https:\/\/dansskoli.is\/kara\/wp-json\/wp\/v2\/users\/1"}],"replies":[{"embeddable":true,"href":"https:\/\/dansskoli.is\/kara\/wp-json\/wp\/v2\/comments?post=146"}],"version-history":[{"count":8,"href":"https:\/\/dansskoli.is\/kara\/wp-json\/wp\/v2\/pages\/146\/revisions"}],"predecessor-version":[{"id":549,"href":"https:\/\/dansskoli.is\/kara\/wp-json\/wp\/v2\/pages\/146\/revisions\/549"}],"up":[{"embeddable":true,"href":"https:\/\/dansskoli.is\/kara\/wp-json\/wp\/v2\/pages\/16"}],"wp:attachment":[{"href":"https:\/\/dansskoli.is\/kara\/wp-json\/wp\/v2\/media?parent=146"}],"curies":[{"name":"wp","href":"https:\/\/api.w.org\/{rel}","templated":true}]}}