{"id":112,"date":"2010-09-29T11:54:33","date_gmt":"2010-09-29T11:54:33","guid":{"rendered":"https:\/\/dansskoli.is\/kara\/"},"modified":"2019-08-19T12:33:15","modified_gmt":"2019-08-19T12:33:15","slug":"ferdanefnd","status":"publish","type":"page","link":"https:\/\/dansskoli.is\/kara\/dansfelagid\/ferdanefnd\/","title":{"rendered":"Fer\u00f0anefnd"},"content":{"rendered":"<p>Dansf\u00e9lag Reykjav\u00edkur<\/p>\n<p>Reglur og sam\u00feykktir.<\/p>\n<p>Reglur um keppnisfer\u00f0anefnd.<\/p>\n<p>1.gr.<br \/>\nKeppnisfer\u00f0anefnd skal skipu\u00f0 af stj\u00f3rn f\u00e9lagsins til eins \u00e1rs \u00ed senn. Starfst\u00edmi nefndarinnar er s\u00e1 sami og stj\u00f3rnar.<\/p>\n<p>2.gr.<br \/>\nKeppnisfer\u00f0anefnd skal skipu\u00f0 fimm fulltr\u00faum \u00far h\u00f3pi f\u00e9lagsmanna og skal forma\u00f0ur valinn s\u00e9rstaklega.<\/p>\n<p>3.gr.<br \/>\nMarkmi\u00f0 keppnisfer\u00f0anefndar er a\u00f0 skipuleggja og sj\u00e1 um undirb\u00faning og framkv\u00e6md keppnisfer\u00f0a til \u00fatlanda \u00e1 vegum Dansf\u00e9lags Reykjav\u00edkur fyrir keppendur f\u00e9lagsins \u00e1 t\u00edmabilinu. Jafnframt skal nefndin a\u00f0sto\u00f0a keppendur f\u00e9lagsins, sem hyggja \u00e1 keppnisfer\u00f0 \u00e1 Nor\u00f0urlanda-, Evr\u00f3pu- og heimsmeistaram\u00f3t vi\u00f0 undirb\u00faning fer\u00f0ar.<\/p>\n<p>4.gr.<br \/>\nStj\u00f3rn Dansf\u00e9lags Reykjav\u00edkur tekur \u00e1kv\u00f6r\u00f0un um \u00fea\u00f0 hvort \u00fej\u00e1lfari fer me\u00f0 \u00ed keppnisfer\u00f0, \u00feegar fyrir liggja uppl\u00fdsingar um fj\u00f6lda \u00fe\u00e1tttakenda og skal vi\u00f0 \u00fea\u00f0 mi\u00f0a\u00f0, a\u00f0 kostna\u00f0ur hvers \u00fe\u00e1tttakanda fari ekki yfir kr. 5.000.- \u00ed hvert sinn. Fj\u00e1rh\u00e6\u00f0in skal tekin til endursko\u00f0unar \u00e1 a\u00f0alfundi \u00e1r hvert. Stj\u00f3rnin \u00e1kve\u00f0ur jafnframt hverju sinni hvort f\u00e9lagi\u00f0 leggi fram styrk til ni\u00f0urgrei\u00f0slu \u00e1 kostna\u00f0i vegna \u00fej\u00e1lfara. Ver\u00f0i ekki talin forsenda fyrir \u00fe\u00e1ttt\u00f6ku \u00fej\u00e1lfara, skal skipa\u00f0ur fararstj\u00f3ri \u00far h\u00f3pi forr\u00e1\u00f0amanna.<\/p>\n<p>5.gr.<br \/>\nHalda skal fund me\u00f0 keppendum og forr\u00e1\u00f0am\u00f6nnum me\u00f0 h\u00e6filegum fyrirvara \u00e1\u00f0ur en keppnisfer\u00f0 hefst. \u00c1 fundinum skal ger\u00f0 grein fyrir fyrirkomulagi keppnisfer\u00f0ar, \u00feekktum kostna\u00f0i \u00e1 keppnissta\u00f0 svo og fer\u00f0a og gistikostna\u00f0i ef flug og gisting er skipul\u00f6g\u00f0 fyrir allan h\u00f3pinn.<\/p>\n<p>6.gr.<br \/>\n\u00c1\u00f0ur en fer\u00f0 er farin skulu keppendum og forr\u00e1\u00f0am\u00f6nnum kynntar \u00fe\u00e6r keppendareglur, sem \u00fej\u00e1lfari e\u00f0a fararstj\u00f3ri setur hverju sinni. A\u00f0 \u00f6\u00f0ru leyti gilda reglur \u00cdBR og \u00cdS\u00cd um keppnisfer\u00f0ir. Jafnframt skal nefndin kynna \u00fe\u00e1tttakendum a\u00f0rar reglur svo sem kl\u00e6\u00f0areglur o.\u00fe.h.<\/p>\n<p>7.gr.<br \/>\n\u00c1fengisneysla keppenda er b\u00f6nnu\u00f0 \u00e1 keppnum og \u00ed keppnisfer\u00f0um.<\/p>\n<p>8.gr.<br \/>\n\u00c1kvar\u00f0anir keppnisfer\u00f0anefndar eru gildar, \u00feegar meiri hluti nefndarmanna tekur afst\u00f6\u00f0u og r\u00e6\u00f0ur atkv\u00e6\u00f0i formanns \u00farslitum, falli atkv\u00e6\u00f0i jafnt.<\/p>\n<p>10.gr.<br \/>\nKeppnisfer\u00f0anefnd skal \u00ed upphafi starfst\u00edmabils skila til stj\u00f3rnar f\u00e9lagsins framkv\u00e6mda\u00e1\u00e6tlun yfir t\u00edmabili\u00f0. \u00cd lok t\u00edmabils skal nefndin skila sk\u00fdrslu til stj\u00f3rnar um st\u00f6rf nefndarinnar yfir starfst\u00edmabili\u00f0.<\/p>\n<p>Framanrita\u00f0ar reglur eru sam\u00feykktar \u00e1 a\u00f0alfundi Dansf\u00e9lags Reykjav\u00edkur 4. apr\u00edl 2001.<\/p>\n<p>Kara Arngr\u00edmsd\u00f3ttir<\/p>\n","protected":false},"excerpt":{"rendered":"<p>Dansf\u00e9lag Reykjav\u00edkur Reglur og sam\u00feykktir. Reglur um keppnisfer\u00f0anefnd. 1.gr. Keppnisfer\u00f0anefnd skal skipu\u00f0 af stj\u00f3rn f\u00e9lagsins til eins \u00e1rs \u00ed senn. Starfst\u00edmi nefndarinnar er s\u00e1 sami og stj\u00f3rnar. 2.gr. Keppnisfer\u00f0anefnd skal skipu\u00f0 fimm fulltr\u00faum \u00far h\u00f3pi f\u00e9lagsmanna og skal forma\u00f0ur valinn s\u00e9rstaklega. 3.gr. Markmi\u00f0 keppnisfer\u00f0anefndar er a\u00f0 skipuleggja og sj\u00e1 um undirb\u00faning og framkv\u00e6md keppnisfer\u00f0a til [&hellip;]<\/p>\n","protected":false},"author":1,"featured_media":0,"parent":32,"menu_order":0,"comment_status":"open","ping_status":"closed","template":"","meta":{"_et_pb_use_builder":"","_et_pb_old_content":"","_et_gb_content_width":"","footnotes":""},"aioseo_notices":[],"jetpack_sharing_enabled":true,"_links":{"self":[{"href":"https:\/\/dansskoli.is\/kara\/wp-json\/wp\/v2\/pages\/112"}],"collection":[{"href":"https:\/\/dansskoli.is\/kara\/wp-json\/wp\/v2\/pages"}],"about":[{"href":"https:\/\/dansskoli.is\/kara\/wp-json\/wp\/v2\/types\/page"}],"author":[{"embeddable":true,"href":"https:\/\/dansskoli.is\/kara\/wp-json\/wp\/v2\/users\/1"}],"replies":[{"embeddable":true,"href":"https:\/\/dansskoli.is\/kara\/wp-json\/wp\/v2\/comments?post=112"}],"version-history":[{"count":7,"href":"https:\/\/dansskoli.is\/kara\/wp-json\/wp\/v2\/pages\/112\/revisions"}],"predecessor-version":[{"id":531,"href":"https:\/\/dansskoli.is\/kara\/wp-json\/wp\/v2\/pages\/112\/revisions\/531"}],"up":[{"embeddable":true,"href":"https:\/\/dansskoli.is\/kara\/wp-json\/wp\/v2\/pages\/32"}],"wp:attachment":[{"href":"https:\/\/dansskoli.is\/kara\/wp-json\/wp\/v2\/media?parent=112"}],"curies":[{"name":"wp","href":"https:\/\/api.w.org\/{rel}","templated":true}]}}