{"id":110,"date":"2010-09-29T11:54:12","date_gmt":"2010-09-29T11:54:12","guid":{"rendered":"https:\/\/dansskoli.is\/kara\/"},"modified":"2019-08-19T12:34:20","modified_gmt":"2019-08-19T12:34:20","slug":"fjaroflunarnefnd","status":"publish","type":"page","link":"https:\/\/dansskoli.is\/kara\/dansfelagid\/fjaroflunarnefnd\/","title":{"rendered":"Fj\u00e1r\u00f6flunarnefnd"},"content":{"rendered":"<p>Dansf\u00e9lag Reykjav\u00edkur<\/p>\n<p>Reglur og sam\u00feykktir.<\/p>\n<p>Reglur um fj\u00e1r\u00f6flunarnefnd.<\/p>\n<p>1.gr.<br \/>\nFj\u00e1r\u00f6flunarnefnd skal skipu\u00f0 af stj\u00f3rn f\u00e9lagsins til eins \u00e1rs \u00ed senn. Starfst\u00edmi nefndarinnar er s\u00e1 sami og stj\u00f3rnar.<\/p>\n<p>2.gr.<br \/>\nFj\u00e1r\u00f6flunarnefnd skal skipu\u00f0 fimm fulltr\u00faum \u00far h\u00f3pi f\u00e9lagsmanna og skal forma\u00f0ur valinn s\u00e9rstaklega.<\/p>\n<p>3.gr.<br \/>\nMarkmi\u00f0 fj\u00e1r\u00f6flunarnefndar er a\u00f0 skipuleggja og sj\u00e1 um framkv\u00e6md h\u00f3pverkefna \u00ed fj\u00e1r\u00f6flun til styrktar \u00feeim keppnisp\u00f6rum, sem hyggja \u00e1 keppnisfer\u00f0ir til \u00fatlanda \u00e1 t\u00edmabilinu.<\/p>\n<p>4.gr.<br \/>\nFj\u00e1r\u00f6flunarnefnd hverju sinni tekur \u00e1kv\u00f6r\u00f0un um fj\u00f6lda fj\u00e1r\u00f6flunarverkefna \u00e1 t\u00edmabilinu og gerir hvert verkefni upp a\u00f0 \u00fev\u00ed loknu og skiptir hagna\u00f0i a\u00f0 j\u00f6fnu milli \u00fe\u00e1tttakenda. Skal nefndin svo flj\u00f3tt sem vi\u00f0 ver\u00f0ur komi\u00f0 skila rekstraruppgj\u00f6ri vegna hvers verkefnis til gjaldkera f\u00e9lagsins, \u00fe\u00f3 eigi s\u00ed\u00f0ar en 15 d\u00f6gum eftir a\u00f0 verkefni l\u00fdkur. \u00cd \u00feeim tilvikum sem \u00e1rangur fj\u00e1r\u00f6flunar fer eftir einstaklingsframtaki getur fj\u00e1r\u00f6flunarnefnd \u00e1kve\u00f0i\u00f0 fyrirfram a\u00f0 hagna\u00f0ur skiptist milli \u00fe\u00e1tttakenda eftir \u00e1rangri hvers og eins.<\/p>\n<p>5.gr.<br \/>\nInnist\u00e6\u00f0u \u00ed fj\u00e1r\u00f6flunarsj\u00f3\u00f0i m\u00e1 grei\u00f0a \u00fat \u00feegar \u00fatgj\u00f6ld myndast vegna keppnisfer\u00f0ar.<\/p>\n<p>6.gr.<br \/>\nInnist\u00e6\u00f0a pars \u00ed fj\u00e1r\u00f6flunarsj\u00f3\u00f0i f\u00e6st greidd \u00fat h\u00e6tti pari\u00f0 keppni. H\u00e6tti par af \u00f6\u00f0rum s\u00f6kum vi\u00f0 keppnisfer\u00f0, f\u00e6st inneign \u00feess \u00ed fj\u00e1r\u00f6flunarsj\u00f3\u00f0i f\u00e6r\u00f0 yfir \u00e1 n\u00e6sta t\u00edmabil.<\/p>\n<p>7.gr.<br \/>\nFj\u00e1r\u00f6flunarnefnd skal kynna keppnisp\u00f6rum me\u00f0 h\u00e6filegum fyrirvara hven\u00e6r fari\u00f0 ver\u00f0ur \u00ed fj\u00e1r\u00f6flunarverkefni og setur t\u00edmam\u00f6rk vegna \u00fe\u00e1ttt\u00f6kutilkynninga. Nefndin getur hafna\u00f0 \u00fe\u00e1ttt\u00f6kutilkynningu, sem berst eftir lok augl\u00fdsts frests.<\/p>\n<p>8.gr.<br \/>\n\u00d3heimilt er a\u00f0 nota nafn f\u00e9lagsins til fj\u00e1r\u00f6flunar, nema me\u00f0 vitund og sam\u00feykki fj\u00e1r\u00f6flunarnefndar.<\/p>\n<p>9.gr.<br \/>\n\u00c1kvar\u00f0anir fj\u00e1r\u00f6flunarnefndar eru gildar, \u00feegar meiri hluti nefndarmanna tekur afst\u00f6\u00f0u og r\u00e6\u00f0ur atkv\u00e6\u00f0i formanns \u00farslitum, falli atkv\u00e6\u00f0i jafnt.<\/p>\n<p>10.gr.<br \/>\nFj\u00e1r\u00f6flunarnefnd skal \u00ed upphafi starfst\u00edmabils skila til stj\u00f3rnar f\u00e9lagsins framkv\u00e6mda\u00e1\u00e6tlun yfir t\u00edmabili\u00f0. \u00cd lok t\u00edmabils skal nefndin skila sk\u00fdrslu til stj\u00f3rnar um st\u00f6rf nefndarinnar yfir starfst\u00edmabili\u00f0. Framanrita\u00f0ar reglur eru sam\u00feykktar \u00e1 a\u00f0alfundi Gulltopps (Dansf\u00e9lags Reykjav\u00edkur) 4. apr\u00edl 2001.<\/p>\n","protected":false},"excerpt":{"rendered":"<p>Dansf\u00e9lag Reykjav\u00edkur Reglur og sam\u00feykktir. Reglur um fj\u00e1r\u00f6flunarnefnd. 1.gr. Fj\u00e1r\u00f6flunarnefnd skal skipu\u00f0 af stj\u00f3rn f\u00e9lagsins til eins \u00e1rs \u00ed senn. Starfst\u00edmi nefndarinnar er s\u00e1 sami og stj\u00f3rnar. 2.gr. Fj\u00e1r\u00f6flunarnefnd skal skipu\u00f0 fimm fulltr\u00faum \u00far h\u00f3pi f\u00e9lagsmanna og skal forma\u00f0ur valinn s\u00e9rstaklega. 3.gr. Markmi\u00f0 fj\u00e1r\u00f6flunarnefndar er a\u00f0 skipuleggja og sj\u00e1 um framkv\u00e6md h\u00f3pverkefna \u00ed fj\u00e1r\u00f6flun til [&hellip;]<\/p>\n","protected":false},"author":1,"featured_media":0,"parent":32,"menu_order":0,"comment_status":"open","ping_status":"closed","template":"","meta":{"_et_pb_use_builder":"","_et_pb_old_content":"","_et_gb_content_width":"","footnotes":""},"aioseo_notices":[],"jetpack_sharing_enabled":true,"_links":{"self":[{"href":"https:\/\/dansskoli.is\/kara\/wp-json\/wp\/v2\/pages\/110"}],"collection":[{"href":"https:\/\/dansskoli.is\/kara\/wp-json\/wp\/v2\/pages"}],"about":[{"href":"https:\/\/dansskoli.is\/kara\/wp-json\/wp\/v2\/types\/page"}],"author":[{"embeddable":true,"href":"https:\/\/dansskoli.is\/kara\/wp-json\/wp\/v2\/users\/1"}],"replies":[{"embeddable":true,"href":"https:\/\/dansskoli.is\/kara\/wp-json\/wp\/v2\/comments?post=110"}],"version-history":[{"count":6,"href":"https:\/\/dansskoli.is\/kara\/wp-json\/wp\/v2\/pages\/110\/revisions"}],"predecessor-version":[{"id":532,"href":"https:\/\/dansskoli.is\/kara\/wp-json\/wp\/v2\/pages\/110\/revisions\/532"}],"up":[{"embeddable":true,"href":"https:\/\/dansskoli.is\/kara\/wp-json\/wp\/v2\/pages\/32"}],"wp:attachment":[{"href":"https:\/\/dansskoli.is\/kara\/wp-json\/wp\/v2\/media?parent=110"}],"curies":[{"name":"wp","href":"https:\/\/api.w.org\/{rel}","templated":true}]}}