{"id":108,"date":"2010-09-29T11:53:48","date_gmt":"2010-09-29T11:53:48","guid":{"rendered":"https:\/\/dansskoli.is\/kara\/"},"modified":"2019-08-19T12:38:16","modified_gmt":"2019-08-19T12:38:16","slug":"skemmtinefnd","status":"publish","type":"page","link":"https:\/\/dansskoli.is\/kara\/dansfelagid\/skemmtinefnd\/","title":{"rendered":"Skemmtinefnd"},"content":{"rendered":"<p>Skemmtinefnd skipa:<br \/>\nOkkur vantar f\u00f3lk \u00ed skemmtinefnd, ef einhver vill \u00fe\u00e1 hafa samband vi\u00f0 K\u00f6ru danskennara<\/p>\n","protected":false},"excerpt":{"rendered":"<p>Skemmtinefnd skipa: Okkur vantar f\u00f3lk \u00ed skemmtinefnd, ef einhver vill \u00fe\u00e1 hafa samband vi\u00f0 K\u00f6ru danskennara<\/p>\n","protected":false},"author":1,"featured_media":0,"parent":32,"menu_order":0,"comment_status":"open","ping_status":"open","template":"","meta":{"_et_pb_use_builder":"","_et_pb_old_content":"","_et_gb_content_width":"","footnotes":""},"aioseo_notices":[],"jetpack_sharing_enabled":true,"_links":{"self":[{"href":"https:\/\/dansskoli.is\/kara\/wp-json\/wp\/v2\/pages\/108"}],"collection":[{"href":"https:\/\/dansskoli.is\/kara\/wp-json\/wp\/v2\/pages"}],"about":[{"href":"https:\/\/dansskoli.is\/kara\/wp-json\/wp\/v2\/types\/page"}],"author":[{"embeddable":true,"href":"https:\/\/dansskoli.is\/kara\/wp-json\/wp\/v2\/users\/1"}],"replies":[{"embeddable":true,"href":"https:\/\/dansskoli.is\/kara\/wp-json\/wp\/v2\/comments?post=108"}],"version-history":[{"count":5,"href":"https:\/\/dansskoli.is\/kara\/wp-json\/wp\/v2\/pages\/108\/revisions"}],"predecessor-version":[{"id":534,"href":"https:\/\/dansskoli.is\/kara\/wp-json\/wp\/v2\/pages\/108\/revisions\/534"}],"up":[{"embeddable":true,"href":"https:\/\/dansskoli.is\/kara\/wp-json\/wp\/v2\/pages\/32"}],"wp:attachment":[{"href":"https:\/\/dansskoli.is\/kara\/wp-json\/wp\/v2\/media?parent=108"}],"curies":[{"name":"wp","href":"https:\/\/api.w.org\/{rel}","templated":true}]}}