{"id":104,"date":"2010-09-29T11:52:59","date_gmt":"2010-09-29T11:52:59","guid":{"rendered":"https:\/\/dansskoli.is\/kara\/"},"modified":"2019-08-19T12:37:21","modified_gmt":"2019-08-19T12:37:21","slug":"reglur","status":"publish","type":"page","link":"https:\/\/dansskoli.is\/kara\/dansfelagid\/reglur\/","title":{"rendered":"Reglur"},"content":{"rendered":"<p><strong>Kl\u00e6\u00f0areglur DS\u00cd:<\/strong><br \/>\n<a style=\"color: #2d4d74;\" href=\"https:\/\/dsi.is\/log-og-reglur-dsi\/reglur\/\" target=\"_blank\" rel=\"noopener noreferrer\">Sj\u00e1 n\u00e1nar h\u00e9r.<\/a><\/p>\n","protected":false},"excerpt":{"rendered":"<p>Kl\u00e6\u00f0areglur DS\u00cd: Sj\u00e1 n\u00e1nar h\u00e9r.<\/p>\n","protected":false},"author":1,"featured_media":0,"parent":32,"menu_order":0,"comment_status":"open","ping_status":"open","template":"","meta":{"_et_pb_use_builder":"","_et_pb_old_content":"","_et_gb_content_width":"","footnotes":""},"aioseo_notices":[],"jetpack_sharing_enabled":true,"_links":{"self":[{"href":"https:\/\/dansskoli.is\/kara\/wp-json\/wp\/v2\/pages\/104"}],"collection":[{"href":"https:\/\/dansskoli.is\/kara\/wp-json\/wp\/v2\/pages"}],"about":[{"href":"https:\/\/dansskoli.is\/kara\/wp-json\/wp\/v2\/types\/page"}],"author":[{"embeddable":true,"href":"https:\/\/dansskoli.is\/kara\/wp-json\/wp\/v2\/users\/1"}],"replies":[{"embeddable":true,"href":"https:\/\/dansskoli.is\/kara\/wp-json\/wp\/v2\/comments?post=104"}],"version-history":[{"count":4,"href":"https:\/\/dansskoli.is\/kara\/wp-json\/wp\/v2\/pages\/104\/revisions"}],"predecessor-version":[{"id":533,"href":"https:\/\/dansskoli.is\/kara\/wp-json\/wp\/v2\/pages\/104\/revisions\/533"}],"up":[{"embeddable":true,"href":"https:\/\/dansskoli.is\/kara\/wp-json\/wp\/v2\/pages\/32"}],"wp:attachment":[{"href":"https:\/\/dansskoli.is\/kara\/wp-json\/wp\/v2\/media?parent=104"}],"curies":[{"name":"wp","href":"https:\/\/api.w.org\/{rel}","templated":true}]}}