{"id":102,"date":"2010-09-29T11:52:34","date_gmt":"2010-09-29T11:52:34","guid":{"rendered":"https:\/\/dansskoli.is\/kara\/"},"modified":"2010-10-14T11:05:14","modified_gmt":"2010-10-14T11:05:14","slug":"log","status":"publish","type":"page","link":"https:\/\/dansskoli.is\/kara\/dansfelagid\/log\/","title":{"rendered":"L\u00f6g"},"content":{"rendered":"<p><strong>L\u00f6g fyrir Dansf\u00e9lag Reykjav\u00edkur<\/strong><\/p>\n<p>1. grein<br \/> F\u00e9lagi\u00f0 heitir Dansf\u00e9lag Reykjav\u00edkur, skammstafa\u00f0 DR, og er a\u00f0setur \u00feess \u00ed Reykjav\u00edk. F\u00e9lagi\u00f0 er a\u00f0ili a\u00f0 \u00cdBR, DS\u00cd og \u00cdS\u00cd og \u00fev\u00ed h\u00e1\u00f0 l\u00f6gum, reglum og sam\u00feykktum \u00ed\u00fer\u00f3ttahreyfingarinnar.<\/p>\n<p>2. grein<br \/> Markmi\u00f0 f\u00e9lagsins er a\u00f0 i\u00f0ka samkv\u00e6misdans sem \u00ed\u00fer\u00f3tt, efla \u00e1huga \u00e1 \u00feeirri \u00ed\u00fer\u00f3tt og stu\u00f0la a\u00f0 b\u00e6ttri a\u00f0st\u00f6\u00f0u til i\u00f0kunar hennar.<\/p>\n<p>3. grein<br \/> F\u00e9lagi\u00f0 er  \u00f6llum opi\u00f0.   Kj\u00f6rgengi og atkv\u00e6\u00f0isr\u00e9tt hafa \u00feeir f\u00e9lagsmenn sem n\u00e1\u00f0 hafa 16 \u00e1ra aldri og hafa fullgilt f\u00e9lagssk\u00edrteini. \u00c1 a\u00f0al- og f\u00e9lagsfundum getur enginn f\u00e9lagsma\u00f0ur fari\u00f0  me\u00f0 meira en tv\u00f6 atkv\u00e6\u00f0i fyrir utan sitt eigi\u00f0 og skal \u00fea\u00f0 vera samkv\u00e6mt skriflegu umbo\u00f0i vi\u00f0komandi f\u00e9lagsmanna.<\/p>\n<p>4. grein<br \/> \u00c1rgjald f\u00e9lagsins skal \u00e1kve\u00f0i\u00f0 \u00e1 a\u00f0alfundi \u00e1r hvert. Gjalddagi f\u00e9lagsgjalds er 1. jan\u00faar.<\/p>\n<p>5. grein<br \/> Grei\u00f0i f\u00e9lagsma\u00f0ur ekki f\u00e9lagsgj\u00f6ld fyrir 1. mars sama \u00e1r , skal  setja hann \u00e1 skr\u00e1 yfir \u00f3hlutgenga f\u00e9laga, er ekki hafa leyfi til a\u00f0 keppa fyrir h\u00f6nd f\u00e9lagsins, hafa ekki atkv\u00e6\u00f0isr\u00e9tt \u00e1 fundum \u00feess og eru ekki kj\u00f6rgengir \u00ed stj\u00f3rn og nefndir.<\/p>\n<p>6. grein<br \/> Stj\u00f3rn f\u00e9lagsins skipa 5 menn: Forma\u00f0ur, varaforma\u00f0ur, ritari, gjaldkeri og me\u00f0stj\u00f3rnandi. Stj\u00f3rnin skal kosin \u00e1 a\u00f0alfundi, \u00feannig: Forma\u00f0ur til eins \u00e1rs og  2 stj\u00f3rnarmenn til tveggja \u00e1ra. Ennfremur skal kj\u00f3sa 2 varamenn og 2 sko\u00f0urnarmenn, til eins \u00e1rs \u00ed senn. Ef fram koma till\u00f6gur um fleiri stj\u00f3rnarmenn en kj\u00f3sa \u00e1, skal stj\u00f3rnarkj\u00f6r vera skriflegt.<\/p>\n<p>7. grein<br \/> Stj\u00f3rninni ber a\u00f0 g\u00e6ta hagsmuna f\u00e9lagsins \u00ed \u00f6llum greinum. H\u00fan hefur umr\u00e1\u00f0 yfir eignum \u00feess og bo\u00f0ar til funda. Stj\u00f3rnin getur enga fullna\u00f0ar\u00e1kv\u00f6r\u00f0un teki\u00f0, nema meirihluti stj\u00f3rnar s\u00e9u henni fylgjandi. Stj\u00f3rnin getur viki\u00f0 m\u00f6nnum \u00far f\u00e9laginu, \u00e1l\u00edti h\u00fan framkomu \u00feeirra f\u00e9laginu til vansa. \u00de\u00f3 getur vi\u00f0komandi \u00f3ska\u00f0 \u00feess a\u00f0 m\u00e1li\u00f0 ver\u00f0i teki\u00f0 fyrir \u00e1 f\u00e9lagsfundi.<\/p>\n<p>8. grein<br \/> Reikningar f\u00e9lagsins mi\u00f0ast vi\u00f0 \u00e1ram\u00f3t.<\/p>\n<p>9. grein<br \/> A\u00f0alfund skal halda \u00e1r hvert, eigi s\u00ed\u00f0ar en 15. apr\u00edl . Til a\u00f0alfundar skal bo\u00f0a me\u00f0 minnst 10 daga fyrirvara og er hann l\u00f6gm\u00e6tur s\u00e9 l\u00f6glega til hans bo\u00f0a\u00f0, \u00e1n tillits til \u00feess hversu margir m\u00e6ta. \u00c1 a\u00f0alfundi skal kj\u00f3sa fundarstj\u00f3ra og fundarritara. \u00c1 a\u00f0alfundi skulu m\u00e1l tekin fyrir \u00ed \u00feeirri r\u00f6\u00f0, sem h\u00e9r segir:<br \/> 1.  Sk\u00fdrsla stj\u00f3rnar.<br \/> 2.  Lag\u00f0ir fram endursko\u00f0a\u00f0ir reikningar.<br \/> 3.  Umr\u00e6\u00f0ur um sk\u00fdrslu stj\u00f3rnar og reikninga. Reikningar bornir undir atkv\u00e6\u00f0i.<br \/> 4.  Lag\u00f0ar fram till\u00f6gur a\u00f0 breytingum laga  f\u00e9lagsins, ef um er a\u00f0 r\u00e6\u00f0a.<br \/> 5.  \u00c1kv\u00f6r\u00f0un \u00e1rgjalda.<br \/> 6.  Kosning formanns, stj\u00f3rnar, varastj\u00f3rnar og sko\u00f0unarmanna, samkv. 6. grein laga f\u00e9lagsins.<br \/> 7.  \u00d6nnur m\u00e1l.<br \/> Einfaldur meirihluti atkv\u00e6\u00f0a r\u00e6\u00f0ur \u00farslitum allra m\u00e1la.<\/p>\n<p>10. grein<br \/> L\u00f6gum \u00feessum m\u00e1 breyta \u00e1 a\u00f0alfundi og n\u00e6gir einfaldur meirihluti fundarins til \u00feess a\u00f0 lagabreyting s\u00e9 l\u00f6gleg. Till\u00f6gur um lagabreytingar skulu hafa borist stj\u00f3rn f\u00e9lagsins fyrir 1. mars og skal \u00feeirra geti\u00f0 \u00ed fundarbo\u00f0i.<\/p>\n<p>11. grein<br \/> Aukaa\u00f0alfund skal kalla saman me\u00f0 a\u00f0 minnsta kosti 10 daga fyrirvara:<br \/> a)  Eftir \u00e1kv\u00f6r\u00f0un a\u00f0alfundar.<br \/> b)  Ef 3\/4 hlutar stj\u00f3rnar f\u00e9lagsins sam\u00feykkir \u00fea\u00f0.<br \/> c)  \u00deegar a.m.k. helmingur f\u00e9laga \u00f3skar \u00feess.<br \/> \u00c1 aukaa\u00f0alfundi ver\u00f0a a\u00f0eins tekin fyrir m\u00e1l, sem tilgreind eru \u00ed fundarbo\u00f0i.<\/p>\n<p>12. grein<br \/> F\u00e9lagsfundi skal bo\u00f0a svo oft, sem stj\u00f3rnin \u00e1kve\u00f0ur e\u00f0a skrifleg \u00f3sk kemur fr\u00e1 eigi f\u00e6rri en 10 f\u00e9lagsm\u00f6nnum. F\u00e9lagsfundi skal bo\u00f0a me\u00f0 minnst \u00feriggja daga fyrirvara og skal fundarefnis geti\u00f0 \u00ed fundarbo\u00f0i. \u00c1 f\u00e9lagsfundum skal kj\u00f3sa fundarstj\u00f3ra er stj\u00f3rnar fundi og fundarritara, sem heldur fundarger\u00f0. Einfaldur meirihluti fundarins n\u00e6gir til a\u00f0 sam\u00feykktir og breytingar \u00e1 regluger\u00f0um ver\u00f0i l\u00f6glegar. \u00c1 f\u00e9lagsfundum er ekki h\u00e6gt a\u00f0 breyta l\u00f6gum f\u00e9lagsins. Heimilt er a\u00f0 hafa fundarger\u00f0ir \u00ed \u00fear til ger\u00f0um lausbla\u00f0am\u00f6ppum.<\/p>\n<p>\u00deannig breytt og sam\u00feykkt \u00e1 aukaa\u00f0alfundi 9. j\u00fal\u00ed 2007.<\/p>\n<p>Sam\u00feykkt \u00e1 stj\u00f3rnarfundi 6. apr\u00edl 1995 og framhaldsstofnfundi 30. apr\u00edl 1995.<\/p>\n<p>Breyt. \u00e1 a\u00f0alfundi 27. mars 1996.<br \/> Breyt. \u00e1 a\u00f0alfundi 25. febr\u00faar 1997.<br \/> Breyt. \u00e1 a\u00f0alfundi 8. mars 1999.<br \/> Breyt. \u00e1 a\u00f0alfundi 6.apr\u00edl 2000.<\/p>\n","protected":false},"excerpt":{"rendered":"<p>L\u00f6g fyrir Dansf\u00e9lag Reykjav\u00edkur 1. grein F\u00e9lagi\u00f0 heitir Dansf\u00e9lag Reykjav\u00edkur, skammstafa\u00f0 DR, og er a\u00f0setur \u00feess \u00ed Reykjav\u00edk. F\u00e9lagi\u00f0 er a\u00f0ili a\u00f0 \u00cdBR, DS\u00cd og \u00cdS\u00cd og \u00fev\u00ed h\u00e1\u00f0 l\u00f6gum, reglum og sam\u00feykktum \u00ed\u00fer\u00f3ttahreyfingarinnar. 2. grein Markmi\u00f0 f\u00e9lagsins er a\u00f0 i\u00f0ka samkv\u00e6misdans sem \u00ed\u00fer\u00f3tt, efla \u00e1huga \u00e1 \u00feeirri \u00ed\u00fer\u00f3tt og stu\u00f0la a\u00f0 b\u00e6ttri a\u00f0st\u00f6\u00f0u til [&hellip;]<\/p>\n","protected":false},"author":1,"featured_media":0,"parent":32,"menu_order":0,"comment_status":"open","ping_status":"open","template":"","meta":{"_et_pb_use_builder":"","_et_pb_old_content":"","_et_gb_content_width":"","footnotes":""},"aioseo_notices":[],"jetpack_sharing_enabled":true,"_links":{"self":[{"href":"https:\/\/dansskoli.is\/kara\/wp-json\/wp\/v2\/pages\/102"}],"collection":[{"href":"https:\/\/dansskoli.is\/kara\/wp-json\/wp\/v2\/pages"}],"about":[{"href":"https:\/\/dansskoli.is\/kara\/wp-json\/wp\/v2\/types\/page"}],"author":[{"embeddable":true,"href":"https:\/\/dansskoli.is\/kara\/wp-json\/wp\/v2\/users\/1"}],"replies":[{"embeddable":true,"href":"https:\/\/dansskoli.is\/kara\/wp-json\/wp\/v2\/comments?post=102"}],"version-history":[{"count":4,"href":"https:\/\/dansskoli.is\/kara\/wp-json\/wp\/v2\/pages\/102\/revisions"}],"predecessor-version":[{"id":488,"href":"https:\/\/dansskoli.is\/kara\/wp-json\/wp\/v2\/pages\/102\/revisions\/488"}],"up":[{"embeddable":true,"href":"https:\/\/dansskoli.is\/kara\/wp-json\/wp\/v2\/pages\/32"}],"wp:attachment":[{"href":"https:\/\/dansskoli.is\/kara\/wp-json\/wp\/v2\/media?parent=102"}],"curies":[{"name":"wp","href":"https:\/\/api.w.org\/{rel}","templated":true}]}}